{"id":701,"date":"2014-12-18T21:04:55","date_gmt":"2014-12-18T20:04:55","guid":{"rendered":"http:\/\/www.skyrunning-serbia.com\/?page_id=701"},"modified":"2023-01-11T20:38:48","modified_gmt":"2023-01-11T19:38:48","slug":"skyrunning","status":"publish","type":"page","link":"https:\/\/www.skyrunning-serbia.com\/en\/skyrunning\/","title":{"rendered":"Skyrunning"},"content":{"rendered":"<p style=\"text-align: center;\"><strong>\u0160TA JE SKYRUNNING? <\/strong><\/p>\n<p><strong>MESTO GDE SE SUSRE\u0106U NEBO I ZEMLjA<\/strong>!<\/p>\n<p>Skyrunning postoji stotinama hiljada godina. Ali ne kao sportska disciplina i ne u formi po kojoj je sada prepoznatljiv u svetu.<\/p>\n<p>Gledaju\u0107i u pro\u0161lost stotinama, pa \u010dak i hiljadama godina unazad vidimo da su planine bile veoma va\u017ena karika u razvoju \u010dove\u010danstva. Nekada su bile glavna uto\u010di\u0161ta.<br \/>\nLjudi su u planine odlazili uglavnom iz nu\u017ede: zbog rata, verskog progona, lova, krijum\u010darenja&#8230;\u010desto i iz \u010diste ljudske radoznalosti za ne\u010dim \u0161to je misti\u010dno, te\u0161ko dosti\u017eno, nedoku\u010divo&#8230;<\/p>\n<p>Koncept tr\u010danja uz i niz planinu iz \u010diste zabave, razonode ili rekreacije je prili\u010dno nov, ako uzmemo u obzir \u201eBen Nevis\u201d&nbsp;trku iz 1903. godine ili npr. \u201ePikes Peak Marathon\u201d iz 1954. koji je nastao iz \u010diste opklade izme\u0111u pu\u0161a\u010da i nepu\u0161a\u010da. Moramo napomenuti i slavnu trku u \u0160vajcarskoj u Siera-Zinalu koja \u0107e u 2015. do\u017eiveti svoje 41. izdanje.<\/p>\n<p>Ideja da se od&nbsp; \u201ctr\u010danjauz i niz planinu\u201d&nbsp; stvori sportska disciplina potekla je od italijanskog planinara Marina \u0110akometija, koji je sa grupicom svojih prijatelja penja\u010da postavljao rekorde i pravio trke na Monblanu i Monterosi u italijanskim Alpima ranih 90-ih godina.<\/p>\n<p>Uz sponzorstvo brenda \u201cFILA\u201d 1993. godine Skajraning je promovisan i pokrenut \u0161irom svetskih planinskih venaca sa takvim nadahnu\u0107em da je inspirisao mnoge trke \u0161irom sveta.<\/p>\n<p>\u0110akometijeva vizija tu nije zaustavljena. On je ve\u0107 1995. godine osnovao Federaciju za sport na visinama kako bi odgovorio na potrebu da se ustanove pravila koja bi uobli\u010dila ovaj sport i koja bi izdefinisala ovu sportsku disciplinu.<\/p>\n<p>Skajraningom (Skyrunningom) kao sportskom disciplinom danas upravlja Me\u0111unarodna&nbsp; Skajraning Federacija (InternationalSkyrunningFederation) koja je tu ulogu 2008. godine \u201epreuzela\u201c od Federacije za sport na visinama.<\/p>\n<p>Glavni ciljevi Me\u0111unarodne Skajraning Federacije su upravljanje, promocija i razvoj Skajraninga i drugih sli\u010dnih sportskih aktivnosti na svetskom nivou.<\/p>\n<p>Skajraning kao sportska disciplina danas broji vi\u0161e od 200 trka \u0161irom sveta sa oko 30.000 u\u010desnika iz 54 zemlje. Me\u0111u ovim zemljama od nedavno se nalazi i Srbija. Kontinentalna takmi\u010denja se odr\u017eavaju na svake dve godine, Svetske na svake \u010detiri a pored njih postoji i poseban doga\u0111aj \u201eSkaj gejms\u201c(\u201eSkygames\u201c), koje jedino nije otvorenog tipa ve\u0107 samo za zvani\u010dne nacionalne reprezentacije. ISF je pridru\u017eeni \u010dlan UIAA koji je \u010dlan IOC (Me\u0111unarodnog Olimpijskog komiteta) \u0161to je jako bitno iz razloga lobiranja za ulaz u porodicu Olimpijskih sportova.<\/p>\n<p>Opis i formati:<\/p>\n<p><strong>SKYRUNNING (Nebesko tr\u010danje)<\/strong> \u2013 Sportska disciplina planinskog tr\u010danja do ili preko 2.000 metara nadmorske visine, gde uspon ne prelazi 30%, a te\u017eina penjanja ne prelazi II\u00b0 stepen. \u0160tapovi i ruke se mogu koristiti kao pomo\u0107no sredstvo tokom trka.<\/p>\n<p>Maksimalno do dve trke svakog kola Svetske Skyrunning lige (Skyrunner\u00ae World Series) mogu imati me\u0161ovite pravce ili maksimalne visine ispod 2.000 metara, sa ciljem da se nacijama koje nemaju odgovaraju\u0107e prirodne uslove za takmi\u010denje, omogu\u0107i da uzmu u\u010de\u0161\u0107e u takmi\u010denju.<\/p>\n<p>Skyrunning discipline se mogu podeliti u nekoliko kategorija.<\/p>\n<p>SkyMarathon\u00ae (Nebeski marathon), SkyRace\u00ae (Nebeska trka), SkyRaid\u00ae (Nebeska \u0161tafeta) and Vertical Kilometer\u00ae (Vertikalni kilometar). Ove discipline i formati takmi\u010denja su za\u0161ti\u0107eni kao me\u0111unarodna robna marka.<\/p>\n<p>Skyrunner\u00ae (Nebeskitrka\u010d) (tako\u0111e za\u0161ti\u0107ena robna marka) je termin koji defini\u0161e osobu koja u\u010destvuje na trka\u010dkim takmi\u010denjima koja se odr\u017eavaju na nadmorskim visinama preko 2.000 metara.<\/p>\n<p>Postoje slede\u0107e Skyrunning discipline:<\/p>\n<p><strong>SKYMARATHON (Nebeski maraton)<\/strong> &#8211; Trke sa minimalnom ukupnom razlikom u nadmorskoj visini od 2.000 metara, du\u017eine izme\u0111u 30 do 42 kilometara (prihvatljiva tolerancija je 5%). Putanja trke mo\u017ee da ide preko razli\u010ditih podloga, \u0161umskih &nbsp;i planinskih staza i puteljaka, sipara, kamenih i stenovitih prolaza, snega i leda (ukupna du\u017eina asfaltne podloge ne sme biti du\u017ea od 15%), a nadmorska visina dosti\u017ee ili prelazipreko 4.000 metara.<\/p>\n<p><strong>ULTRA SKYMARATHON (Nebeski ultra maraton)<\/strong> &#8211; Trke koje za vi\u0161e od 5% prevazilaze parametre SKYMARATHONA, sa minimalnim ukupnim vertikalnim usponom od 2.500 metara i sa preko 50 kilometara du\u017eine.<\/p>\n<p><strong>SKYRACE (Nebeska trka)<\/strong> &#8211; Trke na nadmorskoj visini izme\u0111u 2.000 i 4.000 metara, minimalne du\u017eine od 20 a maksimalne 30 kilometara (prihvatljivo odstupanje je 5%). U zemljama gde nadmorske visine ne dose\u017eu do 2.000 metara, takmi\u010denja na kojima ukupan vertikalni uspon prelazi 1.300 metara, mogu se organizovatikao SKYRACE trke.<\/p>\n<p><strong>VERTICAL KILOMETER\u00ae (VERTIKALNI KILOMETAR)<\/strong> &#8211; Trke sa 1.000 metara ukupnog vertikalnog uspona preko razli\u010ditog terena sa zna\u010dajnim nagibom, ali koje ne prelaze du\u017einu od 5 kilometara. Ove trke se razlikuju po tri visinska nivoa sa varijablom od +\/- 200m, na primer&nbsp; od 0 \u2013 1.000m, 1.000 \u2013 2.000, 2.000-3.000m, gde je prihvatljiva tolerancija 5%.<\/p>\n<p><strong>SKYSPEED\u00ae (NEBESKA BRZINA)<\/strong> \u2013 Trke sa 100 ili vi\u0161e metara ukupnog vertikalnog uspona sa nagibom ve\u0107im od 33%. Postoji i verzija u zatvorenom prostoru koja se naziva Sky Scraper \u2013 Vertical Running (Nebeski Soliter \u2013 vertikalno tr\u010danje).<\/p>\n<p><strong>SKYBIKE\u00ae (Nebeski bicikl)<\/strong> \u2013 Trka sa dve discipline koja se sastoji od planinske biciklisti\u010dke trke i Vertikalnog kilometra ili nekog drugog skyrunning takmi\u010denja.<\/p>\n<p><strong>SKYRAID\u00ae (Nebeska \u0161tafeta)<\/strong> \u2013 Timsko skyrunning takmi\u010denje na dugoj distanci kombinovano sa drugim sportovima, kao \u0161to su: biciklizam, skijanje, alpinizam i sli\u010dno.<\/p>\n<p><strong>SKYSCRAPER \/ VERTICAL RUNNING \u2013 (Nebeski soliter \u2013 Vertikalno tr\u010danje)<\/strong>: Vertikalne trke sa usponom od preko 45% po stepenicama u soliterima ili napolju.<\/p>\n<p><strong>SKYTRAIL (Nebeske staze)<\/strong> \u2013 Trke po trasiranim stazama (sa manje od 10% asfalta) koje ne ispunjavaju uslove za trke drugih formata preko 2.000 metara. Du\u017eina ovih trka moze biti razli\u010dita, ali ne manja od 15 kilometara.<\/p>\n<p><strong>Upravni odbor Skyrunning ascocijacije Srbije i Crne Gore:<\/strong><\/p>\n<p>Denis Ibi\u0161begovi\u0107<\/p>\n<p>Milan Gruji\u0107<\/p>\n<p>Nenad Mitrovi\u0107<\/p>\n<p>Sla\u0111ana Jelisav\u010di\u0107<\/p>\n<p>Marko Nikoli\u0107<\/p>\n<p>Katarina Ergela\u0161ev<\/p>\n<p><strong>Selektorski tim:<\/strong><\/p>\n<p><a href=\"https:\/\/prokletijeskyrunning.com\/wp-content\/uploads\/2023\/01\/CV_Ivan.pdf\" target=\"_blank\" rel=\"noreferrer noopener\">&#x270d; Ivan Tovilovi\u0107 CV<\/a><\/p>\n<p><a href=\"https:\/\/prokletijeskyrunning.com\/wp-content\/uploads\/2023\/01\/CV_Curcic.pdf\" target=\"_blank\" rel=\"noreferrer noopener\">&#x270d; \u0110or\u0111e \u0106ur\u010di\u0107 CV<\/a><\/p>\n<p><a href=\"https:\/\/prokletijeskyrunning.com\/wp-content\/uploads\/2023\/01\/CV_Milos.pdf\" target=\"_blank\" rel=\"noreferrer noopener\">&#x270d; Milo\u0161 Milisavljevi\u0107 CV<\/a><\/p>","protected":false},"excerpt":{"rendered":"<p>\u0160TA JE SKYRUNNING? MESTO GDE SE SUSRE\u0106U NEBO I ZEMLjA! Skyrunning postoji stotinama hiljada godina. Ali ne kao sportska disciplina<span class=\"excerpt-hellip\"> [\u2026]<\/span><\/p>\n","protected":false},"author":1,"featured_media":3779,"parent":0,"menu_order":0,"comment_status":"closed","ping_status":"closed","template":"","meta":{"ngg_post_thumbnail":0,"footnotes":"","_links_to":"","_links_to_target":""},"class_list":["post-701","page","type-page","status-publish","has-post-thumbnail","hentry"],"yoast_head":"<!-- This site is optimized with the Yoast SEO plugin v27.6 - https:\/\/yoast.com\/product\/yoast-seo-wordpress\/ -->\n<title>Skyrunning - Skyrunning Serbia &amp; Montenegro<\/title>\n<meta name=\"description\" content=\"Skyrunning postoji stotinama hiljada godina. Ali ne kao sportska disciplina i ne u formi po kojoj je sada prepoznatljiv u svetu.\" \/>\n<meta name=\"robots\" content=\"index, follow, max-snippet:-1, max-image-preview:large, max-video-preview:-1\" \/>\n<link rel=\"canonical\" href=\"https:\/\/www.skyrunning-serbia.com\/en\/skyrunning\/\" \/>\n<meta property=\"og:locale\" content=\"en_US\" \/>\n<meta property=\"og:type\" content=\"article\" \/>\n<meta property=\"og:title\" content=\"Skyrunning\" \/>\n<meta property=\"og:description\" content=\"Skyrunning postoji stotinama hiljada godina. Ali ne kao sportska disciplina i ne u formi po kojoj je sada prepoznatljiv u svetu.\" \/>\n<meta property=\"og:url\" content=\"https:\/\/www.skyrunning-serbia.com\/en\/skyrunning\/\" \/>\n<meta property=\"og:site_name\" content=\"Skyrunning Serbia &amp; Montenegro\" \/>\n<meta property=\"article:modified_time\" content=\"2023-01-11T19:38:48+00:00\" \/>\n<meta property=\"og:image\" content=\"http:\/\/www.skyrunning-serbia.com\/wp-content\/uploads\/2014\/11\/logosky1.png\" \/>\n<meta name=\"twitter:label1\" content=\"Est. reading time\" \/>\n\t<meta name=\"twitter:data1\" content=\"5 minutes\" \/>\n<script type=\"application\/ld+json\" class=\"yoast-schema-graph\">{\"@context\":\"https:\\\/\\\/schema.org\",\"@graph\":[{\"@type\":\"WebPage\",\"@id\":\"https:\\\/\\\/www.skyrunning-serbia.com\\\/skyrunning\\\/\",\"url\":\"https:\\\/\\\/www.skyrunning-serbia.com\\\/skyrunning\\\/\",\"name\":\"Skyrunning - Skyrunning Serbia &amp; Montenegro\",\"isPartOf\":{\"@id\":\"https:\\\/\\\/www.skyrunning-serbia.com\\\/#website\"},\"primaryImageOfPage\":{\"@id\":\"https:\\\/\\\/www.skyrunning-serbia.com\\\/skyrunning\\\/#primaryimage\"},\"image\":{\"@id\":\"https:\\\/\\\/www.skyrunning-serbia.com\\\/skyrunning\\\/#primaryimage\"},\"thumbnailUrl\":\"https:\\\/\\\/www.skyrunning-serbia.com\\\/wp-content\\\/uploads\\\/2021\\\/12\\\/skyrunning_intro.jpg\",\"datePublished\":\"2014-12-18T20:04:55+00:00\",\"dateModified\":\"2023-01-11T19:38:48+00:00\",\"description\":\"Skyrunning postoji stotinama hiljada godina. Ali ne kao sportska disciplina i ne u formi po kojoj je sada prepoznatljiv u svetu.\",\"breadcrumb\":{\"@id\":\"https:\\\/\\\/www.skyrunning-serbia.com\\\/skyrunning\\\/#breadcrumb\"},\"inLanguage\":\"en-US\",\"potentialAction\":[{\"@type\":\"ReadAction\",\"target\":[\"https:\\\/\\\/www.skyrunning-serbia.com\\\/skyrunning\\\/\"]}]},{\"@type\":\"ImageObject\",\"inLanguage\":\"en-US\",\"@id\":\"https:\\\/\\\/www.skyrunning-serbia.com\\\/skyrunning\\\/#primaryimage\",\"url\":\"https:\\\/\\\/www.skyrunning-serbia.com\\\/wp-content\\\/uploads\\\/2021\\\/12\\\/skyrunning_intro.jpg\",\"contentUrl\":\"https:\\\/\\\/www.skyrunning-serbia.com\\\/wp-content\\\/uploads\\\/2021\\\/12\\\/skyrunning_intro.jpg\",\"width\":1920,\"height\":600},{\"@type\":\"BreadcrumbList\",\"@id\":\"https:\\\/\\\/www.skyrunning-serbia.com\\\/skyrunning\\\/#breadcrumb\",\"itemListElement\":[{\"@type\":\"ListItem\",\"position\":1,\"name\":\"Home\",\"item\":\"https:\\\/\\\/www.skyrunning-serbia.com\\\/\"},{\"@type\":\"ListItem\",\"position\":2,\"name\":\"Skyrunning\"}]},{\"@type\":\"WebSite\",\"@id\":\"https:\\\/\\\/www.skyrunning-serbia.com\\\/#website\",\"url\":\"https:\\\/\\\/www.skyrunning-serbia.com\\\/\",\"name\":\"Skyrunning Serbia &amp; Montenegro\",\"description\":\"Nebesko Tr\u010danje - Srbija\",\"potentialAction\":[{\"@type\":\"SearchAction\",\"target\":{\"@type\":\"EntryPoint\",\"urlTemplate\":\"https:\\\/\\\/www.skyrunning-serbia.com\\\/?s={search_term_string}\"},\"query-input\":{\"@type\":\"PropertyValueSpecification\",\"valueRequired\":true,\"valueName\":\"search_term_string\"}}],\"inLanguage\":\"en-US\"}]}<\/script>\n<!-- \/ Yoast SEO plugin. -->","yoast_head_json":{"title":"Skyrunning - Skyrunning Serbia &amp; Montenegro","description":"Skyrunning postoji stotinama hiljada godina. Ali ne kao sportska disciplina i ne u formi po kojoj je sada prepoznatljiv u svetu.","robots":{"index":"index","follow":"follow","max-snippet":"max-snippet:-1","max-image-preview":"max-image-preview:large","max-video-preview":"max-video-preview:-1"},"canonical":"https:\/\/www.skyrunning-serbia.com\/en\/skyrunning\/","og_locale":"en_US","og_type":"article","og_title":"Skyrunning","og_description":"Skyrunning postoji stotinama hiljada godina. Ali ne kao sportska disciplina i ne u formi po kojoj je sada prepoznatljiv u svetu.","og_url":"https:\/\/www.skyrunning-serbia.com\/en\/skyrunning\/","og_site_name":"Skyrunning Serbia &amp; Montenegro","article_modified_time":"2023-01-11T19:38:48+00:00","og_image":[{"url":"http:\/\/www.skyrunning-serbia.com\/wp-content\/uploads\/2014\/11\/logosky1.png","type":"","width":"","height":""}],"twitter_misc":{"Est. reading time":"5 minutes"},"schema":{"@context":"https:\/\/schema.org","@graph":[{"@type":"WebPage","@id":"https:\/\/www.skyrunning-serbia.com\/skyrunning\/","url":"https:\/\/www.skyrunning-serbia.com\/skyrunning\/","name":"Skyrunning - Skyrunning Serbia &amp; Montenegro","isPartOf":{"@id":"https:\/\/www.skyrunning-serbia.com\/#website"},"primaryImageOfPage":{"@id":"https:\/\/www.skyrunning-serbia.com\/skyrunning\/#primaryimage"},"image":{"@id":"https:\/\/www.skyrunning-serbia.com\/skyrunning\/#primaryimage"},"thumbnailUrl":"https:\/\/www.skyrunning-serbia.com\/wp-content\/uploads\/2021\/12\/skyrunning_intro.jpg","datePublished":"2014-12-18T20:04:55+00:00","dateModified":"2023-01-11T19:38:48+00:00","description":"Skyrunning postoji stotinama hiljada godina. Ali ne kao sportska disciplina i ne u formi po kojoj je sada prepoznatljiv u svetu.","breadcrumb":{"@id":"https:\/\/www.skyrunning-serbia.com\/skyrunning\/#breadcrumb"},"inLanguage":"en-US","potentialAction":[{"@type":"ReadAction","target":["https:\/\/www.skyrunning-serbia.com\/skyrunning\/"]}]},{"@type":"ImageObject","inLanguage":"en-US","@id":"https:\/\/www.skyrunning-serbia.com\/skyrunning\/#primaryimage","url":"https:\/\/www.skyrunning-serbia.com\/wp-content\/uploads\/2021\/12\/skyrunning_intro.jpg","contentUrl":"https:\/\/www.skyrunning-serbia.com\/wp-content\/uploads\/2021\/12\/skyrunning_intro.jpg","width":1920,"height":600},{"@type":"BreadcrumbList","@id":"https:\/\/www.skyrunning-serbia.com\/skyrunning\/#breadcrumb","itemListElement":[{"@type":"ListItem","position":1,"name":"Home","item":"https:\/\/www.skyrunning-serbia.com\/"},{"@type":"ListItem","position":2,"name":"Skyrunning"}]},{"@type":"WebSite","@id":"https:\/\/www.skyrunning-serbia.com\/#website","url":"https:\/\/www.skyrunning-serbia.com\/","name":"Skyrunning Serbia &amp; Montenegro","description":"Nebesko Tr\u010danje - Srbija","potentialAction":[{"@type":"SearchAction","target":{"@type":"EntryPoint","urlTemplate":"https:\/\/www.skyrunning-serbia.com\/?s={search_term_string}"},"query-input":{"@type":"PropertyValueSpecification","valueRequired":true,"valueName":"search_term_string"}}],"inLanguage":"en-US"}]}},"_links":{"self":[{"href":"https:\/\/www.skyrunning-serbia.com\/en\/wp-json\/wp\/v2\/pages\/701","targetHints":{"allow":["GET"]}}],"collection":[{"href":"https:\/\/www.skyrunning-serbia.com\/en\/wp-json\/wp\/v2\/pages"}],"about":[{"href":"https:\/\/www.skyrunning-serbia.com\/en\/wp-json\/wp\/v2\/types\/page"}],"author":[{"embeddable":true,"href":"https:\/\/www.skyrunning-serbia.com\/en\/wp-json\/wp\/v2\/users\/1"}],"replies":[{"embeddable":true,"href":"https:\/\/www.skyrunning-serbia.com\/en\/wp-json\/wp\/v2\/comments?post=701"}],"version-history":[{"count":9,"href":"https:\/\/www.skyrunning-serbia.com\/en\/wp-json\/wp\/v2\/pages\/701\/revisions"}],"predecessor-version":[{"id":4420,"href":"https:\/\/www.skyrunning-serbia.com\/en\/wp-json\/wp\/v2\/pages\/701\/revisions\/4420"}],"wp:featuredmedia":[{"embeddable":true,"href":"https:\/\/www.skyrunning-serbia.com\/en\/wp-json\/wp\/v2\/media\/3779"}],"wp:attachment":[{"href":"https:\/\/www.skyrunning-serbia.com\/en\/wp-json\/wp\/v2\/media?parent=701"}],"curies":[{"name":"wp","href":"https:\/\/api.w.org\/{rel}","templated":true}]}}