{"id":3936,"date":"2022-01-09T03:20:53","date_gmt":"2022-01-09T02:20:53","guid":{"rendered":"https:\/\/www.skyrunning-serbia.com\/?page_id=3936"},"modified":"2022-01-11T12:06:56","modified_gmt":"2022-01-11T11:06:56","slug":"sinjavina-sky-race-12-9-2020","status":"publish","type":"page","link":"https:\/\/www.skyrunning-serbia.com\/en\/kalendar-2020\/sinjavina-sky-race-12-9-2020\/","title":{"rendered":"Sinjavina Sky Race 12.9.2020."},"content":{"rendered":"<h2>Sinjavina Sky Race 12.9.2020. Mojkovac<\/h2>\n<p>Nastavljamo sa sjajnom Sinjom, upoznali ste je u 2019. a mi unosimo jedan nov detalj. Lepa vest od strane ITRA, trka je dobila ja\u010du mountain ocenu (sa 7 na 8) iz razloga \u0161to smo ubacili Savine grede iznad jezera. Naravno ostaju dva boda za UTMB trku.<\/p>\n<p>Mo\u0107ni greben kao nov tehni\u010dki detalj na stazi ne treba podceniti.<\/p>\n<p>Da ne opisujemo u detalj stazu, sad ste je nau\u010dili a i video sa prvog izdanja dovoljno govori &#8211;&nbsp;<a href=\"https:\/\/www.youtube.com\/watch?v=SJUx_LzYjyg&amp;t=76s\" target=\"_blank\" rel=\"noopener\">Pogledajte video sa prvog izdanja<\/a><\/p>\n<p><iframe loading=\"lazy\" title=\"YouTube video player\" src=\"https:\/\/www.youtube.com\/embed\/SJUx_LzYjyg\" width=\"560\" height=\"315\" frameborder=\"0\" allowfullscreen=\"allowfullscreen\"><\/iframe><\/p>\n<p>Jablanov vrh 2.206 mnv vas \u010deka, kao najviso\u010diji vrh Sinjavine (stari naziv planine, sad se \u010desto koristi Sinjajevina). U 32km imate 2.000m uspona, dve okrepe i kontrole na 10 i 21km, kao i medju-kontrolu na Jablanovom vrhu. Prose\u010dna nadmorska visina staze je 1.650m.<\/p>\n<p>Start kre\u0107e u 8 ujutru, iz sela G.\u0160titarica (kraj asfalta, kao i pro\u0161le godine). U prvih 600m se zauzima pozicija pre naglog skretanja u levo u koziju stazu i tu ulazite odmah u carstvo vertikala. Ozbiljan uspon podno vrha Gusar, oko 700m uspona u 3\/4km kad izlazite na gornji plato Sinjavine koji je pun vrta\u010da.<\/p>\n<p>Makadamskim putem (koji daje potpuno druga\u010diji ose\u0107aj, ne mo\u017ee se porediti sa na\u0161im makadamskim putevima) vijugate kroz carstvo kre\u010dnjaka do Savinog jezera podno Jablanovoh vrha gde je KT1 na 10km. Tu imate okrepu, dopunu vode koliko vam treba i proveru obavezne opreme. Tu je sad nov deo, idete na levo direkt na Savine grede a ne uz jezero. Kad iza\u0111ete na glavni greben, zastanite na kratko. Pogled puca od Durmitora, Mora\u010dkih planina, Komova, Prokletija, Bjelasice, jedna od mo\u0107nijih panorama Balkana. Dok same \u201egrede\u201d daju posebnu perspektivu na dolinu Lipova.<\/p>\n<p>Na Jablanu je dodatna kontrola i dalje nastavljate kroz tehni\u010dki teren, grebenom, kroz vrta\u010de po nedo\u0111iji Sinjavine. Nakon par km izlazite kona\u010dno na katune i makadamski put koji vas vodi do sedla i KT2 na 21km (Poljane). Tu vas \u010deka okrepa i opet dopuna vode koliko vam treba. Smenjuju se krajolici, vidikovci, stoletni borovi, kr\u0161, uske stazice i sve je lak\u0161e za kretanje. U\u017eiva\u0107ete ukoliko ste se pametno sa\u010duvali na glavnom grebenu i usponima. Staza je vanserijska, jedna od najlep\u0161ih!<\/p>\n<p><a href=\"https:\/\/www.skyrunning-serbia.com\/wp-content\/uploads\/2022\/01\/sinjavina.jpg\"><img loading=\"lazy\" decoding=\"async\" class=\"aligncenter size-full wp-image-3938\" src=\"https:\/\/www.skyrunning-serbia.com\/wp-content\/uploads\/2022\/01\/sinjavina.jpg\" alt=\"\" width=\"1100\" height=\"733\" srcset=\"https:\/\/www.skyrunning-serbia.com\/wp-content\/uploads\/2022\/01\/sinjavina.jpg 1100w, https:\/\/www.skyrunning-serbia.com\/wp-content\/uploads\/2022\/01\/sinjavina-300x200.jpg 300w, https:\/\/www.skyrunning-serbia.com\/wp-content\/uploads\/2022\/01\/sinjavina-1024x682.jpg 1024w, https:\/\/www.skyrunning-serbia.com\/wp-content\/uploads\/2022\/01\/sinjavina-768x512.jpg 768w, https:\/\/www.skyrunning-serbia.com\/wp-content\/uploads\/2022\/01\/sinjavina-18x12.jpg 18w, https:\/\/www.skyrunning-serbia.com\/wp-content\/uploads\/2022\/01\/sinjavina-219x146.jpg 219w, https:\/\/www.skyrunning-serbia.com\/wp-content\/uploads\/2022\/01\/sinjavina-50x33.jpg 50w, https:\/\/www.skyrunning-serbia.com\/wp-content\/uploads\/2022\/01\/sinjavina-113x75.jpg 113w\" sizes=\"auto, (max-width:767px) 480px, (max-width:1100px) 100vw, 1100px\" \/><\/a><\/p>\n<p>Cilj je u etno kompleksu Rako\u010devi\u0107, hotel Gacka, gde \u0107e biti i baza trke \/ race office.<\/p>\n<p><strong>Time limits:<\/strong><br \/>\n\u2022 KT1 Savino jezero 10km &#8211; 10:45 (2 sata 45 minuta od starta)<br \/>\n\u2022 KT2 Poljane 21km \u2013 13:15 (5 sati 15 minuta od starta)<br \/>\n\u2022 Fini\u0161 \u2013 hotel Gacka 16:00 (8 sati od starta)<\/p>\n<p>ITRA ocena staze (2 boda, mountain 8), profil, karta, gpx zapis, detalji &#8211;&nbsp;<a href=\"https:\/\/tracedetrail.fr\/en\/trace\/trace\/104700\" target=\"_blank\" rel=\"noopener\">https:\/\/tracedetrail.fr\/en\/trace\/trace\/104700<\/a><\/p>\n<p>Obavezna oprema: astro folija, jakna za ki\u0161u\/vetar, mobilni, \u010da\u0161a i pi\u0161taljka. Penali od 30 minuta za nemanje iste. Ukoliko nedostaje vi\u0161e od dve stavke \u2013 diskvalifikacija. Preporu\u010dujemo \u0161tapove, ali njih ne mo\u017eete ostaviti na punktovima. Posebno preporu\u010dujemo GPS sa uba\u010denom rutom trke! Morate biti poluautonomni (voda, gelovi itd..).<\/p>\n<p class=\"translation-block\">Each participant must wear their starting number in visible place, on the chest or on the belt, frontally. It can be on the jacket or T-shirt, but take care that it is not covered by the jacket! Loss of the starting number means automatic disqualification. Should you have any complaints, you can contact us at <a href=\"mailto:skyrunning.serbia@gmail.com\" target=\"_self\">skyrunning.serbia@gmail.com<\/a> within 48 hours after the race. After this time, no complaints will be taken into consideration.\u00a0<\/p>\n<p>Podizanje startnih paketa, race office hotel Gacka&nbsp;<a href=\"http:\/\/www.imanjerakocevic.me\/me\/naslovna\/\" target=\"_blank\" rel=\"noopener\">Hotel &amp; Resort Gacka<\/a>&nbsp;11. septembra u petak od 16 do 22 \u010d. Paketi se moraju preuzimati li\u010dno i za ovu trku je obavezno lekarsko, ne starije od godinu dana.<\/p>\n<p>Sve dodatne informacije oko trke \u0107e biti predstavljene kroz finalni mejl i na tehni\u010dkom sastanku u petak u hotelu Gacka ( konferencijskih sala na kraju imanja). Ceo kompleks ima domet i wi fi mre\u017eu. Poseduje spa, wellness, terene, kamp opciju, restoran, ocenjen je sa 4+ zvezdice.<\/p>\n<p>Prijave se otvaraju u januaru, a zatvaraju u utorak 18.avgusta 2020. u 16 \u010dasova (to zna\u010di da do tad moraju biti regulisane uplate). U u\u010desni\u010dkom paketu trka\u010d dobija unikatnu fini\u0161ersku medalju i aktivnu majicu trke (novina, bolji startni paket). Kotizacija je 1.800 dinara (15 eura). Prijave su kao i uvek na portalu&nbsp;<a href=\"https:\/\/www.skyrunning-serbia.com\/en\/kalendar2020\/www.trka.rs.\/\" target=\"_blank\" rel=\"noopener\">www.trka.rs.<\/a><\/p>\n<p>Di\u017eemo limit na 299 trka\u010da! Napomena, pro\u0161le godine su prijave zatvorene dva meseca pre roka.<\/p>\n<p>Trka \u0107e nositi bodovanje u okviru Skyrunning Lige Srbije za 2020. u formatu sky classic.<\/p>\n<p>Prevoz na start trke u G.\u0160titaricu je organizovan iz race office-a u subotu ujutru u 7\u010d. O\u010dekuje vas nekih 30\/40 minuta vo\u017enje do starta.<\/p>\n<p>U\u010desni\u010dki bus (45 mesta). Svako ko plati kotizaciju, a \u017eeli da bude u u\u010desni\u010dkom autobusu, na isti pozivni broj upla\u0107uje odmah doplatu od 2.000 dinara. Dakle isti dan kad upla\u0107ujete kotizaciju, odmah drugom transakcijom re\u0161avate i mesto u autobusu, svrha je \u2013 dopuna kotizacije. Autobus kre\u0107e 11. septembra u 8 \u010d. sa parkinga Kombank arene. Vra\u0107a se u nedelju, pokret u 11:30 kod mosta na reci Tari u Mojkovcu.<\/p>\n<p>Those who do not make the additional payment within the registration fee, will not be included in the bus list.<\/p>\n<p>U slu\u010daju lo\u0161e prognoze, trka se pomera za nedelju 13.septembar 2020.<\/p>\n<p>Preporuka za sme\u0161taj je TO Mojkovac i molimo vas da \u0161to pre bukirate sme\u0161taj po\u0161to je prve godine bilo sve puno. Naravno, bi\u0107e opcija kampa koji je gratis i odmah pored hotela kao i prve godine. TO Mojkovac na tomojkovac@t-com.me&nbsp;<a href=\"http:\/\/mojkovac.travel\/cg\/node\/1\" target=\"_blank\" rel=\"noopener\">( http:\/\/mojkovac.travel\/cg\/node\/1 )<\/a><\/p>\n<p><strong>Awards:<\/strong>&nbsp;hotel Gacka subota 11. septembar u 16:30 kod ciljne kapije. U slu\u010daju lo\u0161eg vremena odr\u017ea\u0107e se u restoranu hotela. Prva tri mesta u mu\u0161koj i \u017eenskoj kategoriji dobijaju nagrade.<\/p>\n<p>Svima nam se dopala Sinjajevina, sad nas ne\u0107e do\u010dekati 30+ stepeni, potpuno druga\u010diji ambijent i uslovi.<\/p>\n<p>See you in Mojkovac.<\/p>\n<p>Prijave:<br \/>\n<a href=\"https:\/\/trka.rs\/\" target=\"_blank\" rel=\"noopener\"><strong>trka.rs<\/strong><\/a><\/p>","protected":false},"excerpt":{"rendered":"<p>Sinjavina Sky Race 12.9.2020. Mojkovac Nastavljamo sa sjajnom Sinjom, upoznali ste je u 2019. a mi unosimo jedan nov detalj.<span class=\"excerpt-hellip\"> [\u2026]<\/span><\/p>\n","protected":false},"author":3,"featured_media":3937,"parent":3560,"menu_order":3,"comment_status":"closed","ping_status":"closed","template":"","meta":{"ngg_post_thumbnail":0,"footnotes":"","_links_to":"","_links_to_target":""},"class_list":["post-3936","page","type-page","status-publish","has-post-thumbnail","hentry"],"yoast_head":"<!-- This site is optimized with the Yoast SEO plugin v27.4 - https:\/\/yoast.com\/product\/yoast-seo-wordpress\/ -->\n<title>Sinjavina Sky Race 12.9.2020. - Skyrunning Serbia &amp; Montenegro<\/title>\n<meta name=\"robots\" content=\"index, follow, max-snippet:-1, max-image-preview:large, max-video-preview:-1\" \/>\n<link rel=\"canonical\" href=\"https:\/\/www.skyrunning-serbia.com\/en\/kalendar-2020\/sinjavina-sky-race-12-9-2020\/\" \/>\n<meta property=\"og:locale\" content=\"en_US\" \/>\n<meta property=\"og:type\" content=\"article\" \/>\n<meta property=\"og:title\" content=\"Sinjavina Sky Race 12.9.2020. - Skyrunning Serbia &amp; Montenegro\" \/>\n<meta property=\"og:description\" content=\"Sinjavina Sky Race 12.9.2020. Mojkovac Nastavljamo sa sjajnom Sinjom, upoznali ste je u 2019. a mi unosimo jedan nov detalj. [\u2026]\" \/>\n<meta property=\"og:url\" content=\"https:\/\/www.skyrunning-serbia.com\/en\/kalendar-2020\/sinjavina-sky-race-12-9-2020\/\" \/>\n<meta property=\"og:site_name\" content=\"Skyrunning Serbia &amp; Montenegro\" \/>\n<meta property=\"article:modified_time\" content=\"2022-01-11T11:06:56+00:00\" \/>\n<meta property=\"og:image\" content=\"https:\/\/www.skyrunning-serbia.com\/wp-content\/uploads\/2022\/01\/sinjavina_intro.jpg\" \/>\n\t<meta property=\"og:image:width\" content=\"1920\" \/>\n\t<meta property=\"og:image:height\" content=\"600\" \/>\n\t<meta property=\"og:image:type\" content=\"image\/jpeg\" \/>\n<meta name=\"twitter:label1\" content=\"Est. reading time\" \/>\n\t<meta name=\"twitter:data1\" content=\"6 minutes\" \/>\n<script type=\"application\/ld+json\" class=\"yoast-schema-graph\">{\"@context\":\"https:\\\/\\\/schema.org\",\"@graph\":[{\"@type\":\"WebPage\",\"@id\":\"https:\\\/\\\/www.skyrunning-serbia.com\\\/kalendar-2020\\\/sinjavina-sky-race-12-9-2020\\\/\",\"url\":\"https:\\\/\\\/www.skyrunning-serbia.com\\\/kalendar-2020\\\/sinjavina-sky-race-12-9-2020\\\/\",\"name\":\"Sinjavina Sky Race 12.9.2020. - Skyrunning Serbia &amp; Montenegro\",\"isPartOf\":{\"@id\":\"https:\\\/\\\/www.skyrunning-serbia.com\\\/#website\"},\"primaryImageOfPage\":{\"@id\":\"https:\\\/\\\/www.skyrunning-serbia.com\\\/kalendar-2020\\\/sinjavina-sky-race-12-9-2020\\\/#primaryimage\"},\"image\":{\"@id\":\"https:\\\/\\\/www.skyrunning-serbia.com\\\/kalendar-2020\\\/sinjavina-sky-race-12-9-2020\\\/#primaryimage\"},\"thumbnailUrl\":\"https:\\\/\\\/www.skyrunning-serbia.com\\\/wp-content\\\/uploads\\\/2022\\\/01\\\/sinjavina_intro.jpg\",\"datePublished\":\"2022-01-09T02:20:53+00:00\",\"dateModified\":\"2022-01-11T11:06:56+00:00\",\"breadcrumb\":{\"@id\":\"https:\\\/\\\/www.skyrunning-serbia.com\\\/kalendar-2020\\\/sinjavina-sky-race-12-9-2020\\\/#breadcrumb\"},\"inLanguage\":\"en-US\",\"potentialAction\":[{\"@type\":\"ReadAction\",\"target\":[\"https:\\\/\\\/www.skyrunning-serbia.com\\\/kalendar-2020\\\/sinjavina-sky-race-12-9-2020\\\/\"]}]},{\"@type\":\"ImageObject\",\"inLanguage\":\"en-US\",\"@id\":\"https:\\\/\\\/www.skyrunning-serbia.com\\\/kalendar-2020\\\/sinjavina-sky-race-12-9-2020\\\/#primaryimage\",\"url\":\"https:\\\/\\\/www.skyrunning-serbia.com\\\/wp-content\\\/uploads\\\/2022\\\/01\\\/sinjavina_intro.jpg\",\"contentUrl\":\"https:\\\/\\\/www.skyrunning-serbia.com\\\/wp-content\\\/uploads\\\/2022\\\/01\\\/sinjavina_intro.jpg\",\"width\":1920,\"height\":600},{\"@type\":\"BreadcrumbList\",\"@id\":\"https:\\\/\\\/www.skyrunning-serbia.com\\\/kalendar-2020\\\/sinjavina-sky-race-12-9-2020\\\/#breadcrumb\",\"itemListElement\":[{\"@type\":\"ListItem\",\"position\":1,\"name\":\"Home\",\"item\":\"https:\\\/\\\/www.skyrunning-serbia.com\\\/\"},{\"@type\":\"ListItem\",\"position\":2,\"name\":\"Kalendar 2020\",\"item\":\"https:\\\/\\\/www.skyrunning-serbia.com\\\/kalendar-2020\\\/\"},{\"@type\":\"ListItem\",\"position\":3,\"name\":\"Sinjavina Sky Race 12.9.2020.\"}]},{\"@type\":\"WebSite\",\"@id\":\"https:\\\/\\\/www.skyrunning-serbia.com\\\/#website\",\"url\":\"https:\\\/\\\/www.skyrunning-serbia.com\\\/\",\"name\":\"Skyrunning Serbia &amp; Montenegro\",\"description\":\"Nebesko Tr\u010danje - Srbija\",\"potentialAction\":[{\"@type\":\"SearchAction\",\"target\":{\"@type\":\"EntryPoint\",\"urlTemplate\":\"https:\\\/\\\/www.skyrunning-serbia.com\\\/?s={search_term_string}\"},\"query-input\":{\"@type\":\"PropertyValueSpecification\",\"valueRequired\":true,\"valueName\":\"search_term_string\"}}],\"inLanguage\":\"en-US\"}]}<\/script>\n<!-- \/ Yoast SEO plugin. -->","yoast_head_json":{"title":"Sinjavina Sky Race 12.9.2020. - Skyrunning Serbia &amp; Montenegro","robots":{"index":"index","follow":"follow","max-snippet":"max-snippet:-1","max-image-preview":"max-image-preview:large","max-video-preview":"max-video-preview:-1"},"canonical":"https:\/\/www.skyrunning-serbia.com\/en\/kalendar-2020\/sinjavina-sky-race-12-9-2020\/","og_locale":"en_US","og_type":"article","og_title":"Sinjavina Sky Race 12.9.2020. - Skyrunning Serbia &amp; Montenegro","og_description":"Sinjavina Sky Race 12.9.2020. Mojkovac Nastavljamo sa sjajnom Sinjom, upoznali ste je u 2019. a mi unosimo jedan nov detalj. [\u2026]","og_url":"https:\/\/www.skyrunning-serbia.com\/en\/kalendar-2020\/sinjavina-sky-race-12-9-2020\/","og_site_name":"Skyrunning Serbia &amp; Montenegro","article_modified_time":"2022-01-11T11:06:56+00:00","og_image":[{"width":1920,"height":600,"url":"https:\/\/www.skyrunning-serbia.com\/wp-content\/uploads\/2022\/01\/sinjavina_intro.jpg","type":"image\/jpeg"}],"twitter_misc":{"Est. reading time":"6 minutes"},"schema":{"@context":"https:\/\/schema.org","@graph":[{"@type":"WebPage","@id":"https:\/\/www.skyrunning-serbia.com\/kalendar-2020\/sinjavina-sky-race-12-9-2020\/","url":"https:\/\/www.skyrunning-serbia.com\/kalendar-2020\/sinjavina-sky-race-12-9-2020\/","name":"Sinjavina Sky Race 12.9.2020. - Skyrunning Serbia &amp; Montenegro","isPartOf":{"@id":"https:\/\/www.skyrunning-serbia.com\/#website"},"primaryImageOfPage":{"@id":"https:\/\/www.skyrunning-serbia.com\/kalendar-2020\/sinjavina-sky-race-12-9-2020\/#primaryimage"},"image":{"@id":"https:\/\/www.skyrunning-serbia.com\/kalendar-2020\/sinjavina-sky-race-12-9-2020\/#primaryimage"},"thumbnailUrl":"https:\/\/www.skyrunning-serbia.com\/wp-content\/uploads\/2022\/01\/sinjavina_intro.jpg","datePublished":"2022-01-09T02:20:53+00:00","dateModified":"2022-01-11T11:06:56+00:00","breadcrumb":{"@id":"https:\/\/www.skyrunning-serbia.com\/kalendar-2020\/sinjavina-sky-race-12-9-2020\/#breadcrumb"},"inLanguage":"en-US","potentialAction":[{"@type":"ReadAction","target":["https:\/\/www.skyrunning-serbia.com\/kalendar-2020\/sinjavina-sky-race-12-9-2020\/"]}]},{"@type":"ImageObject","inLanguage":"en-US","@id":"https:\/\/www.skyrunning-serbia.com\/kalendar-2020\/sinjavina-sky-race-12-9-2020\/#primaryimage","url":"https:\/\/www.skyrunning-serbia.com\/wp-content\/uploads\/2022\/01\/sinjavina_intro.jpg","contentUrl":"https:\/\/www.skyrunning-serbia.com\/wp-content\/uploads\/2022\/01\/sinjavina_intro.jpg","width":1920,"height":600},{"@type":"BreadcrumbList","@id":"https:\/\/www.skyrunning-serbia.com\/kalendar-2020\/sinjavina-sky-race-12-9-2020\/#breadcrumb","itemListElement":[{"@type":"ListItem","position":1,"name":"Home","item":"https:\/\/www.skyrunning-serbia.com\/"},{"@type":"ListItem","position":2,"name":"Kalendar 2020","item":"https:\/\/www.skyrunning-serbia.com\/kalendar-2020\/"},{"@type":"ListItem","position":3,"name":"Sinjavina Sky Race 12.9.2020."}]},{"@type":"WebSite","@id":"https:\/\/www.skyrunning-serbia.com\/#website","url":"https:\/\/www.skyrunning-serbia.com\/","name":"Skyrunning Serbia &amp; Montenegro","description":"Nebesko Tr\u010danje - Srbija","potentialAction":[{"@type":"SearchAction","target":{"@type":"EntryPoint","urlTemplate":"https:\/\/www.skyrunning-serbia.com\/?s={search_term_string}"},"query-input":{"@type":"PropertyValueSpecification","valueRequired":true,"valueName":"search_term_string"}}],"inLanguage":"en-US"}]}},"_links":{"self":[{"href":"https:\/\/www.skyrunning-serbia.com\/en\/wp-json\/wp\/v2\/pages\/3936","targetHints":{"allow":["GET"]}}],"collection":[{"href":"https:\/\/www.skyrunning-serbia.com\/en\/wp-json\/wp\/v2\/pages"}],"about":[{"href":"https:\/\/www.skyrunning-serbia.com\/en\/wp-json\/wp\/v2\/types\/page"}],"author":[{"embeddable":true,"href":"https:\/\/www.skyrunning-serbia.com\/en\/wp-json\/wp\/v2\/users\/3"}],"replies":[{"embeddable":true,"href":"https:\/\/www.skyrunning-serbia.com\/en\/wp-json\/wp\/v2\/comments?post=3936"}],"version-history":[{"count":1,"href":"https:\/\/www.skyrunning-serbia.com\/en\/wp-json\/wp\/v2\/pages\/3936\/revisions"}],"predecessor-version":[{"id":3939,"href":"https:\/\/www.skyrunning-serbia.com\/en\/wp-json\/wp\/v2\/pages\/3936\/revisions\/3939"}],"up":[{"embeddable":true,"href":"https:\/\/www.skyrunning-serbia.com\/en\/wp-json\/wp\/v2\/pages\/3560"}],"wp:featuredmedia":[{"embeddable":true,"href":"https:\/\/www.skyrunning-serbia.com\/en\/wp-json\/wp\/v2\/media\/3937"}],"wp:attachment":[{"href":"https:\/\/www.skyrunning-serbia.com\/en\/wp-json\/wp\/v2\/media?parent=3936"}],"curies":[{"name":"wp","href":"https:\/\/api.w.org\/{rel}","templated":true}]}}