{"id":3910,"date":"2022-01-08T18:08:03","date_gmt":"2022-01-08T17:08:03","guid":{"rendered":"https:\/\/www.skyrunning-serbia.com\/?page_id=3910"},"modified":"2022-01-08T18:21:46","modified_gmt":"2022-01-08T17:21:46","slug":"prokletije-vertical-kilometer-25-jul","status":"publish","type":"page","link":"https:\/\/www.skyrunning-serbia.com\/en\/kalendar-2015\/prokletije-vertical-kilometer-25-jul\/","title":{"rendered":"Prokletije Vertical Kilometer 25.jul"},"content":{"rendered":"<h2>Prokletije Vertical Kilometer<br \/>\n25.jul (cca 3km 1.000 D+) Crna Gora<\/h2>\n<blockquote><p>Stara dobra izreka ka\u017ee \u2013 \u201cSve planine Balkana mogu na jednu stranu a Prokletije na drugu\u201d. Lep\u0161i, opasniji planinski masiv ne mo\u017eete na\u0107i na Balkanskom poluostrvu. Ova trka \u0107e biti VK \u201cworld class\u201d, start trke ide iz doline Grbaje ka Karanfilima i po prvim merenjima staza ne\u0107e biti du\u017ea od 4km a ve\u0107 \u0107emo imati vertikalni kilometar. Staza \u0107e biti kru\u017ena tako da \u0107e svi fini\u0161eri nastaviti pe\u0161ke dalje ka grebenu O\u010dnjaka i spustiti se sadruge strane ka planinskom domu Branko Kotlaji\u0107 gde \u0107e nam biti baza. Napominjemo da \u0107e ova staza biti izuzetno strma i na nekim delovima tehni\u010dki dosta te\u0161ka, naravno postavi\u0107emo u\u017eariju gde treba ali ova trka u startu nije za one koji se pla\u0161e visine ili im je \u201casfalt u krvi\u201d. Ra\u010dunajte da nosite \u0161atore, \u0161tapove itekako preporu\u010dujemo! Prijave otvaramo 3.maja a zatvaramo 15.juna. Nema naknadnih prijava. Kotizacija je 1500 dinara. Imamo jednu kategoriju -trka\u010di. Ovu trku organizujemo u saradnji sa NGO Orjen Outdoor iz Crne Gore i PK Radni\u010dki iz Beograda. Jedino \u0161to Vam mo\u017eemo garantovati da \u0107e Vam biti \u201cprokleto dobro\u201d na ovoj avanturi!<\/p><\/blockquote>\n<p>Kao \u0161to smo najavili, bi\u0107e to \u201eworld class\u201c Vertical. U ne\u0161to malo vi\u0161e od 3km imate 950m uspona. Zbog bezbednosti nismo hteli da idemo dalje a pravilo ISF-a od 5% tolerancije nam dozvoljava da ovako \u201enakalibri\u0161emo\u201c stazu. Vide\u0107ete i sami, poslednjih 150 m je nemogu\u0107e tr\u010dati po onakvom kamenju. Svaki prethodni metar je tr\u010dljiv, naravno ko mo\u017ee.<\/p>\n<p><a href=\"https:\/\/www.skyrunning-serbia.com\/wp-content\/uploads\/2022\/01\/prokletije1.jpg\"><img loading=\"lazy\" decoding=\"async\" class=\"size-full wp-image-3912 aligncenter\" src=\"https:\/\/www.skyrunning-serbia.com\/wp-content\/uploads\/2022\/01\/prokletije1.jpg\" alt=\"\" width=\"1200\" height=\"900\" srcset=\"https:\/\/www.skyrunning-serbia.com\/wp-content\/uploads\/2022\/01\/prokletije1.jpg 1200w, https:\/\/www.skyrunning-serbia.com\/wp-content\/uploads\/2022\/01\/prokletije1-300x225.jpg 300w, https:\/\/www.skyrunning-serbia.com\/wp-content\/uploads\/2022\/01\/prokletije1-1024x768.jpg 1024w, https:\/\/www.skyrunning-serbia.com\/wp-content\/uploads\/2022\/01\/prokletije1-768x576.jpg 768w, https:\/\/www.skyrunning-serbia.com\/wp-content\/uploads\/2022\/01\/prokletije1-16x12.jpg 16w, https:\/\/www.skyrunning-serbia.com\/wp-content\/uploads\/2022\/01\/prokletije1-195x146.jpg 195w, https:\/\/www.skyrunning-serbia.com\/wp-content\/uploads\/2022\/01\/prokletije1-50x38.jpg 50w, https:\/\/www.skyrunning-serbia.com\/wp-content\/uploads\/2022\/01\/prokletije1-100x75.jpg 100w\" sizes=\"auto, (max-width:767px) 480px, (max-width:1200px) 100vw, 1200px\" \/><\/a><\/p>\n<p>Staza vas vodi sa tre\u0107e livade Grbaje (Grebaje) i imate nekih 60m tr\u010danja po ravnom (na stazi imate jo\u0161 20m i to vam je to, sve ostalo je samo uspon). Sve je jasno izmarkirano farbom a bi\u0107e i trakica. Do 750m uspona se jasno vidi start \u0161to daje posebnu dra\u017e ovoj trci, tri \u010detvrtine staze se vidi sa polazne ta\u010dke.Cilj je malo iznad tkz Pe\u010durke na stazi koja vodi ka Kro\u0161nji i Severnom vrhu Karanfila. Ambijent je nestvaran, iznad cilja snega ima jo\u0161 uvek i verovatno \u0107e ga biti i krajem jula. Start \u0107e i\u0107i na hronometar i kre\u0107emo u 10h ujutru 25.jula, svaki takmi\u010dar dobija svoje startno vreme a ide se na 60 sekundi. Mogu\u0107e pomeranje starta za kasniji period ili za nedelju u slu\u010daju lo\u0161eg vremena.<\/p>\n<p>Vrlo bitno! Vodite posebno ra\u010duna o odronu, staza nije naivna i ukoliko odronite kamen stopalom obavezno je vikanje KAMEN. Oslu\u0161kujte i ove iznad sebe, sigurno \u0107e biti odrona a jedna deonica od 300m penje serpentinama cik cak i jako je nezgodna. Tu \u0107emo imati posebno na\u0161e ljude da gledaju i motre na svaki pokret. Prokletije zahtevaju maksimalnu koncentraciju i po\u0161tovanje. Za sekund mo\u017ee biti te\u0161kih povreda, nama se desilo na markiranju da be\u017eimo na sve strane u sekundi. Rtanj je prava pitomina.<\/p>\n<p>Profil staze i gpx zapis je nemogu\u0107e dobiti jer svaki gps ure\u0111aj baguje u ozbiljnoj vertikali. Na vrhu \u0107ete imati vodu i mo\u017eete koristiti maksimalno 4dl (svaki litar moramo izneti na na\u0161im le\u0111ima) zato preporu\u010dujemo fuel belt sa vodom. Astro folija je obavezna. \u0160tapovi su strogo zabranjeni za ovakav tip staze zbog ozbiljnih povreda, ovo smo dobili i kao preporuku od ISF-a kad je Vertikalni kilometar ekstreman kao \u0161to je primer sa Prokletijama. Dakle, \u0161tapovi su strogo zabranjeni!<\/p>\n<p>Mini bus kre\u0107e u petak 24.jula u 15h sa parkinga BG Arene (kontakt vo\u0111e puta dobijate na mail). O\u010dekuje vas sigurno 9h puta. Podizanje startnih paketa \u0107e biti mogu\u0107e u Beogradu par dana pred put i na samoj lokaciji ujutru od 8h do 9h u domu Branko Kotlaji\u0107 gde \u0107e biti i baza (race office) trke. Povratak je zakazan za nedelju 26.jul u 12h iz Grbaje.<\/p>\n<p>Za sve one koji nisu uleteli u gratis bus organizovan je i mini bus za 15 osoba i mora se napuniti da bi ostala dogovorena cena povratne karte. Kontakt je Slobodan Popovi\u0107 062661652, obavezne rezervacije i uplate pre puta.<\/p>\n<p>Lista u\u010desnika za gratis bus &#8211;&nbsp;<a href=\"https:\/\/www.facebook.com\/notes\/skyrunning-serbia\/mini-bus-za-prokletije\/389611057906478\" target=\"_blank\" rel=\"noopener\">Lista<\/a><\/p>\n<p>Za sve one koji idu svojim kolima, preporu\u010dujemo put Kraljevo-Novi Pazar-Ro\u017eaje-Berane-Plav-Gusinje. Tu su manje gu\u017eve leti, pogotovo na grani\u010dnom prelazu jer je tad \u0161pic turisti\u010dke sezone. Od Gusinja pratite oznake za planinarski dom \u201eBranko Kotlaji\u0107\u201c. \u010cim do\u0111ete do kraja asfalta sa desne strane je mala drvena brvnara i iznad nje napu\u0161tena vojna karaula. Tim makadamskim putem idete na gore i dolazite do doma&nbsp;<a href=\"http:\/\/www.pk-radnicki.rs\/o-domu\/\" target=\"_blank\" rel=\"noopener\">www.pk-radnicki.rs\/o-domu<\/a>&nbsp;. Tako\u0111e korisne informacije mo\u017eete videti i na ovom linku&nbsp;<a href=\"http:\/\/www.pk-radnicki.rs\/kako-doci\/\" target=\"_blank\" rel=\"noopener\">www.pk-radnicki.rs\/kako-doci<\/a>.<\/p>\n<p><strong>Accommodation:<\/strong><\/p>\n<p>U planinarskom domu ima mesta za 18 osoba (jedna velika soba, potrebne vre\u0107e, spoljni wc, izvorska voda, smederevac). Mesto morate rezervisati i platiti PK Radni\u010dki (kontakt je Aleksandar Tijanic 063210983, alekst01@yahoo.com ) prvih 18 koji reguli\u0161u sve bi\u0107e u domu a ostali mogu ispred u \u0161atorima. Ponesite i \u010deone lampe obavezno.<br \/>\nVi\u0161e informacija &#8211;&nbsp;<a href=\"http:\/\/www.pk-radnicki.rs\/cene-smestaja\/\" target=\"_blank\" rel=\"noopener\">www.pk-radnicki.rs\/cene-smestaja<\/a>.<\/p>\n<p>Na 500m od doma se nalazi Eko katun Grbaje koji ima 30 le\u017eajeva i restoran. No\u0107enje je 8 eura a polu pansion 20 eura. Kontakt je Sr\u0111an Pavi\u0107evi\u0107 +38269044572 I +38269693250 oba broja su dostupna i na Viberu. Restoran ima wi fi.<\/p>\n<p>Na 200 m od ovog restorana postoji jo\u0161 jedan, gde se upravo zavr\u0161avaju bungalovi i u slu\u010daju da nema mesta u Eko katunu mo\u017eete kontaktirati Irfana Radon\u010di\u0107a za bukiranje +38267651771.<\/p>\n<p>Od doma vam treba 10\/15 minuta pe\u0161ke do starta trke, od restorana 7\/8 minuta.<\/p>\n<p>Bitan telefon &#8211; GSS CG +38240256084<\/p>\n<p>Nakon trke vas o\u010dekuje ru\u010dak dobrodo\u0161lice. Vremenski limit je 120 minuta. Merenje vremena radimo kao na Rtnju, foto \u0107elije i wi fi, dakle imate vremena u stotinku. Neka pobedi najbr\u017ei!<\/p>\n<p>Skyrunning Serbia, Orjen Outdoor, PK Radni\u010dki &amp; NP Prokletije<\/p>\n\n\t\t\t<style type='text\/css'>\n\t\t\t\t#sc_gallery-1 {\n\t\t\t\t\tmargin: auto;\n\t\t\t\t}\n\t\t\t\t#sc_gallery-1 .gallery-item {\n\t\t\t\t\tfloat: left;\n\t\t\t\t\ttext-align: center;\n\t\t\t\t\twidth: 33.33%;\n\t\t\t\t}\n\t\t\t\t#sc_gallery-1 img {\n\t\t\t\t\tborder: 2px solid #cfcfcf;\n\t\t\t\t}\n\t\t\t\t\/* see sc_gallery() in functions\/theme-shortcodes.php *\/\n\t\t\t<\/style>\n\t\t<div id='sc_gallery-1' class='gallery galleryid-3910 gallery-columns-3 gallery-size-large file element_classes gallery-default'><dl class='gallery-item'  data-title='pr1' data-description=''><div class='gallery-item-wrapper'>\n\t\t\t\t<dt class='gallery-icon landscape'>\n\t\t\t\t\t<a href='https:\/\/www.skyrunning-serbia.com\/wp-content\/uploads\/2022\/01\/pr1.jpg'><img loading=\"lazy\" decoding=\"async\" width=\"960\" height=\"960\" src=\"https:\/\/www.skyrunning-serbia.com\/wp-content\/uploads\/2022\/01\/pr1.jpg\" class=\"attachment-large size-large\" alt=\"\" srcset=\"https:\/\/www.skyrunning-serbia.com\/wp-content\/uploads\/2022\/01\/pr1.jpg 960w, https:\/\/www.skyrunning-serbia.com\/wp-content\/uploads\/2022\/01\/pr1-300x300.jpg 300w, https:\/\/www.skyrunning-serbia.com\/wp-content\/uploads\/2022\/01\/pr1-150x150.jpg 150w, https:\/\/www.skyrunning-serbia.com\/wp-content\/uploads\/2022\/01\/pr1-768x768.jpg 768w, https:\/\/www.skyrunning-serbia.com\/wp-content\/uploads\/2022\/01\/pr1-12x12.jpg 12w, https:\/\/www.skyrunning-serbia.com\/wp-content\/uploads\/2022\/01\/pr1-146x146.jpg 146w, https:\/\/www.skyrunning-serbia.com\/wp-content\/uploads\/2022\/01\/pr1-50x50.jpg 50w, https:\/\/www.skyrunning-serbia.com\/wp-content\/uploads\/2022\/01\/pr1-75x75.jpg 75w, https:\/\/www.skyrunning-serbia.com\/wp-content\/uploads\/2022\/01\/pr1-85x85.jpg 85w, https:\/\/www.skyrunning-serbia.com\/wp-content\/uploads\/2022\/01\/pr1-80x80.jpg 80w\" sizes=\"auto, (max-width:767px) 480px, (max-width:960px) 100vw, 960px\" \/><\/a>\n\t\t\t\t<\/dt><\/div><\/dl><dl class='gallery-item'  data-title='pr2' data-description=''><div class='gallery-item-wrapper'>\n\t\t\t\t<dt class='gallery-icon landscape'>\n\t\t\t\t\t<a href='https:\/\/www.skyrunning-serbia.com\/wp-content\/uploads\/2022\/01\/pr2.jpg'><img loading=\"lazy\" decoding=\"async\" width=\"960\" height=\"639\" src=\"https:\/\/www.skyrunning-serbia.com\/wp-content\/uploads\/2022\/01\/pr2.jpg\" class=\"attachment-large size-large\" alt=\"\" srcset=\"https:\/\/www.skyrunning-serbia.com\/wp-content\/uploads\/2022\/01\/pr2.jpg 960w, https:\/\/www.skyrunning-serbia.com\/wp-content\/uploads\/2022\/01\/pr2-300x200.jpg 300w, https:\/\/www.skyrunning-serbia.com\/wp-content\/uploads\/2022\/01\/pr2-768x511.jpg 768w, https:\/\/www.skyrunning-serbia.com\/wp-content\/uploads\/2022\/01\/pr2-18x12.jpg 18w, https:\/\/www.skyrunning-serbia.com\/wp-content\/uploads\/2022\/01\/pr2-219x146.jpg 219w, https:\/\/www.skyrunning-serbia.com\/wp-content\/uploads\/2022\/01\/pr2-50x33.jpg 50w, https:\/\/www.skyrunning-serbia.com\/wp-content\/uploads\/2022\/01\/pr2-113x75.jpg 113w\" sizes=\"auto, (max-width:767px) 480px, (max-width:960px) 100vw, 960px\" \/><\/a>\n\t\t\t\t<\/dt><\/div><\/dl><dl class='gallery-item'  data-title='pr3' data-description=''><div class='gallery-item-wrapper'>\n\t\t\t\t<dt class='gallery-icon landscape'>\n\t\t\t\t\t<a href='https:\/\/www.skyrunning-serbia.com\/wp-content\/uploads\/2022\/01\/pr3.jpg'><img loading=\"lazy\" decoding=\"async\" width=\"960\" height=\"639\" src=\"https:\/\/www.skyrunning-serbia.com\/wp-content\/uploads\/2022\/01\/pr3.jpg\" class=\"attachment-large size-large\" alt=\"\" srcset=\"https:\/\/www.skyrunning-serbia.com\/wp-content\/uploads\/2022\/01\/pr3.jpg 960w, https:\/\/www.skyrunning-serbia.com\/wp-content\/uploads\/2022\/01\/pr3-300x200.jpg 300w, https:\/\/www.skyrunning-serbia.com\/wp-content\/uploads\/2022\/01\/pr3-768x511.jpg 768w, https:\/\/www.skyrunning-serbia.com\/wp-content\/uploads\/2022\/01\/pr3-18x12.jpg 18w, https:\/\/www.skyrunning-serbia.com\/wp-content\/uploads\/2022\/01\/pr3-219x146.jpg 219w, https:\/\/www.skyrunning-serbia.com\/wp-content\/uploads\/2022\/01\/pr3-50x33.jpg 50w, https:\/\/www.skyrunning-serbia.com\/wp-content\/uploads\/2022\/01\/pr3-113x75.jpg 113w\" sizes=\"auto, (max-width:767px) 480px, (max-width:960px) 100vw, 960px\" \/><\/a>\n\t\t\t\t<\/dt><\/div><\/dl><br style=\"clear: both\" \/><dl class='gallery-item'  data-title='pr4' data-description=''><div class='gallery-item-wrapper'>\n\t\t\t\t<dt class='gallery-icon landscape'>\n\t\t\t\t\t<a href='https:\/\/www.skyrunning-serbia.com\/wp-content\/uploads\/2022\/01\/pr4.jpg'><img loading=\"lazy\" decoding=\"async\" width=\"960\" height=\"639\" src=\"https:\/\/www.skyrunning-serbia.com\/wp-content\/uploads\/2022\/01\/pr4.jpg\" class=\"attachment-large size-large\" alt=\"\" srcset=\"https:\/\/www.skyrunning-serbia.com\/wp-content\/uploads\/2022\/01\/pr4.jpg 960w, https:\/\/www.skyrunning-serbia.com\/wp-content\/uploads\/2022\/01\/pr4-300x200.jpg 300w, https:\/\/www.skyrunning-serbia.com\/wp-content\/uploads\/2022\/01\/pr4-768x511.jpg 768w, https:\/\/www.skyrunning-serbia.com\/wp-content\/uploads\/2022\/01\/pr4-18x12.jpg 18w, https:\/\/www.skyrunning-serbia.com\/wp-content\/uploads\/2022\/01\/pr4-219x146.jpg 219w, https:\/\/www.skyrunning-serbia.com\/wp-content\/uploads\/2022\/01\/pr4-50x33.jpg 50w, https:\/\/www.skyrunning-serbia.com\/wp-content\/uploads\/2022\/01\/pr4-113x75.jpg 113w\" sizes=\"auto, (max-width:767px) 480px, (max-width:960px) 100vw, 960px\" \/><\/a>\n\t\t\t\t<\/dt><\/div><\/dl><dl class='gallery-item'  data-title='pr5' data-description=''><div class='gallery-item-wrapper'>\n\t\t\t\t<dt class='gallery-icon landscape'>\n\t\t\t\t\t<a href='https:\/\/www.skyrunning-serbia.com\/wp-content\/uploads\/2022\/01\/pr5.jpg'><img loading=\"lazy\" decoding=\"async\" width=\"960\" height=\"639\" src=\"https:\/\/www.skyrunning-serbia.com\/wp-content\/uploads\/2022\/01\/pr5.jpg\" class=\"attachment-large size-large\" alt=\"\" srcset=\"https:\/\/www.skyrunning-serbia.com\/wp-content\/uploads\/2022\/01\/pr5.jpg 960w, https:\/\/www.skyrunning-serbia.com\/wp-content\/uploads\/2022\/01\/pr5-300x200.jpg 300w, https:\/\/www.skyrunning-serbia.com\/wp-content\/uploads\/2022\/01\/pr5-768x511.jpg 768w, https:\/\/www.skyrunning-serbia.com\/wp-content\/uploads\/2022\/01\/pr5-18x12.jpg 18w, https:\/\/www.skyrunning-serbia.com\/wp-content\/uploads\/2022\/01\/pr5-219x146.jpg 219w, https:\/\/www.skyrunning-serbia.com\/wp-content\/uploads\/2022\/01\/pr5-50x33.jpg 50w, https:\/\/www.skyrunning-serbia.com\/wp-content\/uploads\/2022\/01\/pr5-113x75.jpg 113w\" sizes=\"auto, (max-width:767px) 480px, (max-width:960px) 100vw, 960px\" \/><\/a>\n\t\t\t\t<\/dt><\/div><\/dl><dl class='gallery-item'  data-title='pr6' data-description=''><div class='gallery-item-wrapper'>\n\t\t\t\t<dt class='gallery-icon landscape'>\n\t\t\t\t\t<a href='https:\/\/www.skyrunning-serbia.com\/wp-content\/uploads\/2022\/01\/pr6.jpg'><img loading=\"lazy\" decoding=\"async\" width=\"960\" height=\"639\" src=\"https:\/\/www.skyrunning-serbia.com\/wp-content\/uploads\/2022\/01\/pr6.jpg\" class=\"attachment-large size-large\" alt=\"\" srcset=\"https:\/\/www.skyrunning-serbia.com\/wp-content\/uploads\/2022\/01\/pr6.jpg 960w, https:\/\/www.skyrunning-serbia.com\/wp-content\/uploads\/2022\/01\/pr6-300x200.jpg 300w, https:\/\/www.skyrunning-serbia.com\/wp-content\/uploads\/2022\/01\/pr6-768x511.jpg 768w, https:\/\/www.skyrunning-serbia.com\/wp-content\/uploads\/2022\/01\/pr6-18x12.jpg 18w, https:\/\/www.skyrunning-serbia.com\/wp-content\/uploads\/2022\/01\/pr6-219x146.jpg 219w, https:\/\/www.skyrunning-serbia.com\/wp-content\/uploads\/2022\/01\/pr6-50x33.jpg 50w, https:\/\/www.skyrunning-serbia.com\/wp-content\/uploads\/2022\/01\/pr6-113x75.jpg 113w\" sizes=\"auto, (max-width:767px) 480px, (max-width:960px) 100vw, 960px\" \/><\/a>\n\t\t\t\t<\/dt><\/div><\/dl><br style=\"clear: both\" \/>\n\t\t\t<\/div>","protected":false},"excerpt":{"rendered":"<p>Prokletije Vertical Kilometer 25.jul (cca 3km 1.000 D+) Crna Gora Stara dobra izreka ka\u017ee \u2013 \u201cSve planine Balkana mogu na<span class=\"excerpt-hellip\"> [\u2026]<\/span><\/p>\n","protected":false},"author":3,"featured_media":3911,"parent":14,"menu_order":5,"comment_status":"closed","ping_status":"closed","template":"","meta":{"ngg_post_thumbnail":0,"footnotes":"","_links_to":"","_links_to_target":""},"class_list":["post-3910","page","type-page","status-publish","has-post-thumbnail","hentry"],"yoast_head":"<!-- This site is optimized with the Yoast SEO plugin v27.4 - https:\/\/yoast.com\/product\/yoast-seo-wordpress\/ -->\n<title>Prokletije Vertical Kilometer 25.jul - Skyrunning Serbia &amp; Montenegro<\/title>\n<meta name=\"robots\" content=\"index, follow, max-snippet:-1, max-image-preview:large, max-video-preview:-1\" \/>\n<link rel=\"canonical\" href=\"https:\/\/www.skyrunning-serbia.com\/en\/kalendar-2015\/prokletije-vertical-kilometer-25-jul\/\" \/>\n<meta property=\"og:locale\" content=\"en_US\" \/>\n<meta property=\"og:type\" content=\"article\" \/>\n<meta property=\"og:title\" content=\"Prokletije Vertical Kilometer 25.jul - Skyrunning Serbia &amp; Montenegro\" \/>\n<meta property=\"og:description\" content=\"Prokletije Vertical Kilometer 25.jul (cca 3km 1.000 D+) Crna Gora Stara dobra izreka ka\u017ee \u2013 \u201cSve planine Balkana mogu na [\u2026]\" \/>\n<meta property=\"og:url\" content=\"https:\/\/www.skyrunning-serbia.com\/en\/kalendar-2015\/prokletije-vertical-kilometer-25-jul\/\" \/>\n<meta property=\"og:site_name\" content=\"Skyrunning Serbia &amp; Montenegro\" \/>\n<meta property=\"article:modified_time\" content=\"2022-01-08T17:21:46+00:00\" \/>\n<meta property=\"og:image\" content=\"https:\/\/www.skyrunning-serbia.com\/wp-content\/uploads\/2022\/01\/Prokletije_intro.jpg\" \/>\n\t<meta property=\"og:image:width\" content=\"1920\" \/>\n\t<meta property=\"og:image:height\" content=\"600\" \/>\n\t<meta property=\"og:image:type\" content=\"image\/jpeg\" \/>\n<meta name=\"twitter:label1\" content=\"Est. reading time\" \/>\n\t<meta name=\"twitter:data1\" content=\"6 minutes\" \/>\n<script type=\"application\/ld+json\" class=\"yoast-schema-graph\">{\"@context\":\"https:\\\/\\\/schema.org\",\"@graph\":[{\"@type\":\"WebPage\",\"@id\":\"https:\\\/\\\/www.skyrunning-serbia.com\\\/kalendar-2015\\\/prokletije-vertical-kilometer-25-jul\\\/\",\"url\":\"https:\\\/\\\/www.skyrunning-serbia.com\\\/kalendar-2015\\\/prokletije-vertical-kilometer-25-jul\\\/\",\"name\":\"Prokletije Vertical Kilometer 25.jul - Skyrunning Serbia &amp; Montenegro\",\"isPartOf\":{\"@id\":\"https:\\\/\\\/www.skyrunning-serbia.com\\\/#website\"},\"primaryImageOfPage\":{\"@id\":\"https:\\\/\\\/www.skyrunning-serbia.com\\\/kalendar-2015\\\/prokletije-vertical-kilometer-25-jul\\\/#primaryimage\"},\"image\":{\"@id\":\"https:\\\/\\\/www.skyrunning-serbia.com\\\/kalendar-2015\\\/prokletije-vertical-kilometer-25-jul\\\/#primaryimage\"},\"thumbnailUrl\":\"https:\\\/\\\/www.skyrunning-serbia.com\\\/wp-content\\\/uploads\\\/2022\\\/01\\\/Prokletije_intro.jpg\",\"datePublished\":\"2022-01-08T17:08:03+00:00\",\"dateModified\":\"2022-01-08T17:21:46+00:00\",\"breadcrumb\":{\"@id\":\"https:\\\/\\\/www.skyrunning-serbia.com\\\/kalendar-2015\\\/prokletije-vertical-kilometer-25-jul\\\/#breadcrumb\"},\"inLanguage\":\"en-US\",\"potentialAction\":[{\"@type\":\"ReadAction\",\"target\":[\"https:\\\/\\\/www.skyrunning-serbia.com\\\/kalendar-2015\\\/prokletije-vertical-kilometer-25-jul\\\/\"]}]},{\"@type\":\"ImageObject\",\"inLanguage\":\"en-US\",\"@id\":\"https:\\\/\\\/www.skyrunning-serbia.com\\\/kalendar-2015\\\/prokletije-vertical-kilometer-25-jul\\\/#primaryimage\",\"url\":\"https:\\\/\\\/www.skyrunning-serbia.com\\\/wp-content\\\/uploads\\\/2022\\\/01\\\/Prokletije_intro.jpg\",\"contentUrl\":\"https:\\\/\\\/www.skyrunning-serbia.com\\\/wp-content\\\/uploads\\\/2022\\\/01\\\/Prokletije_intro.jpg\",\"width\":1920,\"height\":600},{\"@type\":\"BreadcrumbList\",\"@id\":\"https:\\\/\\\/www.skyrunning-serbia.com\\\/kalendar-2015\\\/prokletije-vertical-kilometer-25-jul\\\/#breadcrumb\",\"itemListElement\":[{\"@type\":\"ListItem\",\"position\":1,\"name\":\"Home\",\"item\":\"https:\\\/\\\/www.skyrunning-serbia.com\\\/\"},{\"@type\":\"ListItem\",\"position\":2,\"name\":\"Kalendar 2015\",\"item\":\"https:\\\/\\\/www.skyrunning-serbia.com\\\/kalendar-2015\\\/\"},{\"@type\":\"ListItem\",\"position\":3,\"name\":\"Prokletije Vertical Kilometer 25.jul\"}]},{\"@type\":\"WebSite\",\"@id\":\"https:\\\/\\\/www.skyrunning-serbia.com\\\/#website\",\"url\":\"https:\\\/\\\/www.skyrunning-serbia.com\\\/\",\"name\":\"Skyrunning Serbia &amp; Montenegro\",\"description\":\"Nebesko Tr\u010danje - Srbija\",\"potentialAction\":[{\"@type\":\"SearchAction\",\"target\":{\"@type\":\"EntryPoint\",\"urlTemplate\":\"https:\\\/\\\/www.skyrunning-serbia.com\\\/?s={search_term_string}\"},\"query-input\":{\"@type\":\"PropertyValueSpecification\",\"valueRequired\":true,\"valueName\":\"search_term_string\"}}],\"inLanguage\":\"en-US\"}]}<\/script>\n<!-- \/ Yoast SEO plugin. -->","yoast_head_json":{"title":"Prokletije Vertical Kilometer 25.jul - Skyrunning Serbia &amp; Montenegro","robots":{"index":"index","follow":"follow","max-snippet":"max-snippet:-1","max-image-preview":"max-image-preview:large","max-video-preview":"max-video-preview:-1"},"canonical":"https:\/\/www.skyrunning-serbia.com\/en\/kalendar-2015\/prokletije-vertical-kilometer-25-jul\/","og_locale":"en_US","og_type":"article","og_title":"Prokletije Vertical Kilometer 25.jul - Skyrunning Serbia &amp; Montenegro","og_description":"Prokletije Vertical Kilometer 25.jul (cca 3km 1.000 D+) Crna Gora Stara dobra izreka ka\u017ee \u2013 \u201cSve planine Balkana mogu na [\u2026]","og_url":"https:\/\/www.skyrunning-serbia.com\/en\/kalendar-2015\/prokletije-vertical-kilometer-25-jul\/","og_site_name":"Skyrunning Serbia &amp; Montenegro","article_modified_time":"2022-01-08T17:21:46+00:00","og_image":[{"width":1920,"height":600,"url":"https:\/\/www.skyrunning-serbia.com\/wp-content\/uploads\/2022\/01\/Prokletije_intro.jpg","type":"image\/jpeg"}],"twitter_misc":{"Est. reading time":"6 minutes"},"schema":{"@context":"https:\/\/schema.org","@graph":[{"@type":"WebPage","@id":"https:\/\/www.skyrunning-serbia.com\/kalendar-2015\/prokletije-vertical-kilometer-25-jul\/","url":"https:\/\/www.skyrunning-serbia.com\/kalendar-2015\/prokletije-vertical-kilometer-25-jul\/","name":"Prokletije Vertical Kilometer 25.jul - Skyrunning Serbia &amp; Montenegro","isPartOf":{"@id":"https:\/\/www.skyrunning-serbia.com\/#website"},"primaryImageOfPage":{"@id":"https:\/\/www.skyrunning-serbia.com\/kalendar-2015\/prokletije-vertical-kilometer-25-jul\/#primaryimage"},"image":{"@id":"https:\/\/www.skyrunning-serbia.com\/kalendar-2015\/prokletije-vertical-kilometer-25-jul\/#primaryimage"},"thumbnailUrl":"https:\/\/www.skyrunning-serbia.com\/wp-content\/uploads\/2022\/01\/Prokletije_intro.jpg","datePublished":"2022-01-08T17:08:03+00:00","dateModified":"2022-01-08T17:21:46+00:00","breadcrumb":{"@id":"https:\/\/www.skyrunning-serbia.com\/kalendar-2015\/prokletije-vertical-kilometer-25-jul\/#breadcrumb"},"inLanguage":"en-US","potentialAction":[{"@type":"ReadAction","target":["https:\/\/www.skyrunning-serbia.com\/kalendar-2015\/prokletije-vertical-kilometer-25-jul\/"]}]},{"@type":"ImageObject","inLanguage":"en-US","@id":"https:\/\/www.skyrunning-serbia.com\/kalendar-2015\/prokletije-vertical-kilometer-25-jul\/#primaryimage","url":"https:\/\/www.skyrunning-serbia.com\/wp-content\/uploads\/2022\/01\/Prokletije_intro.jpg","contentUrl":"https:\/\/www.skyrunning-serbia.com\/wp-content\/uploads\/2022\/01\/Prokletije_intro.jpg","width":1920,"height":600},{"@type":"BreadcrumbList","@id":"https:\/\/www.skyrunning-serbia.com\/kalendar-2015\/prokletije-vertical-kilometer-25-jul\/#breadcrumb","itemListElement":[{"@type":"ListItem","position":1,"name":"Home","item":"https:\/\/www.skyrunning-serbia.com\/"},{"@type":"ListItem","position":2,"name":"Kalendar 2015","item":"https:\/\/www.skyrunning-serbia.com\/kalendar-2015\/"},{"@type":"ListItem","position":3,"name":"Prokletije Vertical Kilometer 25.jul"}]},{"@type":"WebSite","@id":"https:\/\/www.skyrunning-serbia.com\/#website","url":"https:\/\/www.skyrunning-serbia.com\/","name":"Skyrunning Serbia &amp; Montenegro","description":"Nebesko Tr\u010danje - Srbija","potentialAction":[{"@type":"SearchAction","target":{"@type":"EntryPoint","urlTemplate":"https:\/\/www.skyrunning-serbia.com\/?s={search_term_string}"},"query-input":{"@type":"PropertyValueSpecification","valueRequired":true,"valueName":"search_term_string"}}],"inLanguage":"en-US"}]}},"_links":{"self":[{"href":"https:\/\/www.skyrunning-serbia.com\/en\/wp-json\/wp\/v2\/pages\/3910","targetHints":{"allow":["GET"]}}],"collection":[{"href":"https:\/\/www.skyrunning-serbia.com\/en\/wp-json\/wp\/v2\/pages"}],"about":[{"href":"https:\/\/www.skyrunning-serbia.com\/en\/wp-json\/wp\/v2\/types\/page"}],"author":[{"embeddable":true,"href":"https:\/\/www.skyrunning-serbia.com\/en\/wp-json\/wp\/v2\/users\/3"}],"replies":[{"embeddable":true,"href":"https:\/\/www.skyrunning-serbia.com\/en\/wp-json\/wp\/v2\/comments?post=3910"}],"version-history":[{"count":1,"href":"https:\/\/www.skyrunning-serbia.com\/en\/wp-json\/wp\/v2\/pages\/3910\/revisions"}],"predecessor-version":[{"id":3919,"href":"https:\/\/www.skyrunning-serbia.com\/en\/wp-json\/wp\/v2\/pages\/3910\/revisions\/3919"}],"up":[{"embeddable":true,"href":"https:\/\/www.skyrunning-serbia.com\/en\/wp-json\/wp\/v2\/pages\/14"}],"wp:featuredmedia":[{"embeddable":true,"href":"https:\/\/www.skyrunning-serbia.com\/en\/wp-json\/wp\/v2\/media\/3911"}],"wp:attachment":[{"href":"https:\/\/www.skyrunning-serbia.com\/en\/wp-json\/wp\/v2\/media?parent=3910"}],"curies":[{"name":"wp","href":"https:\/\/api.w.org\/{rel}","templated":true}]}}