{"id":3896,"date":"2022-01-08T16:59:45","date_gmt":"2022-01-08T15:59:45","guid":{"rendered":"https:\/\/www.skyrunning-serbia.com\/?page_id=3896"},"modified":"2022-01-08T18:21:30","modified_gmt":"2022-01-08T17:21:30","slug":"ultra-trail-stara-planina","status":"publish","type":"page","link":"https:\/\/www.skyrunning-serbia.com\/en\/kalendar-2015\/ultra-trail-stara-planina\/","title":{"rendered":"Ultra trail Stara planina"},"content":{"rendered":"<h2>Ultra trail Stara planina<br \/>\n5-7.jun (25, 84 i 122km) Knja\u017eevac<\/h2>\n<p><a href=\"https:\/\/www.skyrunning-serbia.com\/wp-content\/uploads\/2022\/01\/Staraplanina.jpg\"><img loading=\"lazy\" decoding=\"async\" class=\"size-full wp-image-3897 aligncenter\" src=\"https:\/\/www.skyrunning-serbia.com\/wp-content\/uploads\/2022\/01\/Staraplanina.jpg\" alt=\"\" width=\"1200\" height=\"798\" srcset=\"https:\/\/www.skyrunning-serbia.com\/wp-content\/uploads\/2022\/01\/Staraplanina.jpg 1200w, https:\/\/www.skyrunning-serbia.com\/wp-content\/uploads\/2022\/01\/Staraplanina-300x200.jpg 300w, https:\/\/www.skyrunning-serbia.com\/wp-content\/uploads\/2022\/01\/Staraplanina-1024x681.jpg 1024w, https:\/\/www.skyrunning-serbia.com\/wp-content\/uploads\/2022\/01\/Staraplanina-768x511.jpg 768w, https:\/\/www.skyrunning-serbia.com\/wp-content\/uploads\/2022\/01\/Staraplanina-18x12.jpg 18w, https:\/\/www.skyrunning-serbia.com\/wp-content\/uploads\/2022\/01\/Staraplanina-220x146.jpg 220w, https:\/\/www.skyrunning-serbia.com\/wp-content\/uploads\/2022\/01\/Staraplanina-50x33.jpg 50w, https:\/\/www.skyrunning-serbia.com\/wp-content\/uploads\/2022\/01\/Staraplanina-113x75.jpg 113w\" sizes=\"auto, (max-width:767px) 480px, (max-width:1200px) 100vw, 1200px\" \/><\/a><\/p>\n<p>Sprema se tre\u0107e izdanje Staroplaninskog maratona (24h Koprena) na\u0161e najdu\u017ee brdske trke. Retko koja trka ima dosta delova preko 2.000mnv, Stara je surova, nepristupa\u010dna sa nezaobilaznim klekama. Spremite se za pravu divljinu i nao\u0161trite \u010dula jer ova trka nije za \u201cno brain-ere\u201d. Koncept je takav da bez pa\u017eljivog gledanja markacija i karte te\u0161ko ide, sigurno ste svi \u010duli za Hard Rock trail od 100 milja u Americi, e to je taj koncept s\u2019 tim \u0161to je kod njih jo\u0161 te\u017ee. Kod njih je markacija na svakih 1,6km. Na\u0161 adut je KLEKA! Menjamo lokaciju starta i cilja, Babin zub \u0107e biti na\u0161a baza u 2015. Rute ostaju iste za dve du\u017ee distance samo se za kra\u0107u sprema potpuno nova deonica, naravno sa Knja\u017eeva\u010dke strane.Prijave otvaramo 15.marta a zatvaramo 15.maja. Nema naknadnih prijava.Vi\u0161e o izdanju iz 2014. mo\u017eete pogledati na slede\u0107im linkovima:<\/p>\n<p><a href=\"http:\/\/udruzenjefreestylera.com\/sr\/stara-planina-bitne-stavke-pred-trku\/\" target=\"_blank\" rel=\"noopener\">Stara planina, bitne stvari pred trku<\/a><\/p>\n<p><a href=\"https:\/\/www.facebook.com\/media\/set\/?set=a.325337470953924.1073741836.163497120471294&amp;type=3\" target=\"_blank\" rel=\"noopener\">Ultra trail Stara planina<\/a><\/p>\n<p><a href=\"https:\/\/www.facebook.com\/sharer\/sharer.php?u=http%3A%2F%2Fwww.skyrunning-serbia.com%2Fultratrailstaraplanina57jun.html&amp;t=Ultra%20trail%20Stara%20planina\" target=\"_blank\" rel=\"noopener\">Facebook<\/a>, <a href=\"https:\/\/twitter.com\/intent\/tweet?source=http%3A%2F%2Fwww.skyrunning-serbia.com%2Fultratrailstaraplanina57jun.html&amp;text=Ultra%20trail%20Stara%20planina:%20http%3A%2F%2Fwww.skyrunning-serbia.com%2Fultratrailstaraplanina57jun.html&amp;via=Skyrunning%20Serbia\" target=\"_blank\" rel=\"noopener\">Twitter<\/a><\/p>","protected":false},"excerpt":{"rendered":"<p>Ultra trail Stara planina 5-7.jun (25, 84 i 122km) Knja\u017eevac Sprema se tre\u0107e izdanje Staroplaninskog maratona (24h Koprena) na\u0161e najdu\u017ee<span class=\"excerpt-hellip\"> [\u2026]<\/span><\/p>\n","protected":false},"author":3,"featured_media":3899,"parent":14,"menu_order":3,"comment_status":"closed","ping_status":"closed","template":"","meta":{"ngg_post_thumbnail":0,"footnotes":"","_links_to":"","_links_to_target":""},"class_list":["post-3896","page","type-page","status-publish","has-post-thumbnail","hentry"],"yoast_head":"<!-- This site is optimized with the Yoast SEO plugin v27.4 - https:\/\/yoast.com\/product\/yoast-seo-wordpress\/ -->\n<title>Ultra trail Stara planina - Skyrunning Serbia &amp; Montenegro<\/title>\n<meta name=\"robots\" content=\"index, follow, max-snippet:-1, max-image-preview:large, max-video-preview:-1\" \/>\n<link rel=\"canonical\" href=\"https:\/\/www.skyrunning-serbia.com\/en\/kalendar-2015\/ultra-trail-stara-planina\/\" \/>\n<meta property=\"og:locale\" content=\"en_US\" \/>\n<meta property=\"og:type\" content=\"article\" \/>\n<meta property=\"og:title\" content=\"Ultra trail Stara planina - Skyrunning Serbia &amp; Montenegro\" \/>\n<meta property=\"og:description\" content=\"Ultra trail Stara planina 5-7.jun (25, 84 i 122km) Knja\u017eevac Sprema se tre\u0107e izdanje Staroplaninskog maratona (24h Koprena) na\u0161e najdu\u017ee [\u2026]\" \/>\n<meta property=\"og:url\" content=\"https:\/\/www.skyrunning-serbia.com\/en\/kalendar-2015\/ultra-trail-stara-planina\/\" \/>\n<meta property=\"og:site_name\" content=\"Skyrunning Serbia &amp; Montenegro\" \/>\n<meta property=\"article:modified_time\" content=\"2022-01-08T17:21:30+00:00\" \/>\n<meta property=\"og:image\" content=\"https:\/\/www.skyrunning-serbia.com\/wp-content\/uploads\/2022\/01\/stara_planina.jpg\" \/>\n\t<meta property=\"og:image:width\" content=\"1920\" \/>\n\t<meta property=\"og:image:height\" content=\"600\" \/>\n\t<meta property=\"og:image:type\" content=\"image\/jpeg\" \/>\n<meta name=\"twitter:label1\" content=\"Est. reading time\" \/>\n\t<meta name=\"twitter:data1\" content=\"2 minutes\" \/>\n<script type=\"application\/ld+json\" class=\"yoast-schema-graph\">{\"@context\":\"https:\\\/\\\/schema.org\",\"@graph\":[{\"@type\":\"WebPage\",\"@id\":\"https:\\\/\\\/www.skyrunning-serbia.com\\\/kalendar-2015\\\/ultra-trail-stara-planina\\\/\",\"url\":\"https:\\\/\\\/www.skyrunning-serbia.com\\\/kalendar-2015\\\/ultra-trail-stara-planina\\\/\",\"name\":\"Ultra trail Stara planina - Skyrunning Serbia &amp; Montenegro\",\"isPartOf\":{\"@id\":\"https:\\\/\\\/www.skyrunning-serbia.com\\\/#website\"},\"primaryImageOfPage\":{\"@id\":\"https:\\\/\\\/www.skyrunning-serbia.com\\\/kalendar-2015\\\/ultra-trail-stara-planina\\\/#primaryimage\"},\"image\":{\"@id\":\"https:\\\/\\\/www.skyrunning-serbia.com\\\/kalendar-2015\\\/ultra-trail-stara-planina\\\/#primaryimage\"},\"thumbnailUrl\":\"https:\\\/\\\/www.skyrunning-serbia.com\\\/wp-content\\\/uploads\\\/2022\\\/01\\\/stara_planina.jpg\",\"datePublished\":\"2022-01-08T15:59:45+00:00\",\"dateModified\":\"2022-01-08T17:21:30+00:00\",\"breadcrumb\":{\"@id\":\"https:\\\/\\\/www.skyrunning-serbia.com\\\/kalendar-2015\\\/ultra-trail-stara-planina\\\/#breadcrumb\"},\"inLanguage\":\"en-US\",\"potentialAction\":[{\"@type\":\"ReadAction\",\"target\":[\"https:\\\/\\\/www.skyrunning-serbia.com\\\/kalendar-2015\\\/ultra-trail-stara-planina\\\/\"]}]},{\"@type\":\"ImageObject\",\"inLanguage\":\"en-US\",\"@id\":\"https:\\\/\\\/www.skyrunning-serbia.com\\\/kalendar-2015\\\/ultra-trail-stara-planina\\\/#primaryimage\",\"url\":\"https:\\\/\\\/www.skyrunning-serbia.com\\\/wp-content\\\/uploads\\\/2022\\\/01\\\/stara_planina.jpg\",\"contentUrl\":\"https:\\\/\\\/www.skyrunning-serbia.com\\\/wp-content\\\/uploads\\\/2022\\\/01\\\/stara_planina.jpg\",\"width\":1920,\"height\":600},{\"@type\":\"BreadcrumbList\",\"@id\":\"https:\\\/\\\/www.skyrunning-serbia.com\\\/kalendar-2015\\\/ultra-trail-stara-planina\\\/#breadcrumb\",\"itemListElement\":[{\"@type\":\"ListItem\",\"position\":1,\"name\":\"Home\",\"item\":\"https:\\\/\\\/www.skyrunning-serbia.com\\\/\"},{\"@type\":\"ListItem\",\"position\":2,\"name\":\"Kalendar 2015\",\"item\":\"https:\\\/\\\/www.skyrunning-serbia.com\\\/kalendar-2015\\\/\"},{\"@type\":\"ListItem\",\"position\":3,\"name\":\"Ultra trail Stara planina\"}]},{\"@type\":\"WebSite\",\"@id\":\"https:\\\/\\\/www.skyrunning-serbia.com\\\/#website\",\"url\":\"https:\\\/\\\/www.skyrunning-serbia.com\\\/\",\"name\":\"Skyrunning Serbia &amp; Montenegro\",\"description\":\"Nebesko Tr\u010danje - Srbija\",\"potentialAction\":[{\"@type\":\"SearchAction\",\"target\":{\"@type\":\"EntryPoint\",\"urlTemplate\":\"https:\\\/\\\/www.skyrunning-serbia.com\\\/?s={search_term_string}\"},\"query-input\":{\"@type\":\"PropertyValueSpecification\",\"valueRequired\":true,\"valueName\":\"search_term_string\"}}],\"inLanguage\":\"en-US\"}]}<\/script>\n<!-- \/ Yoast SEO plugin. -->","yoast_head_json":{"title":"Ultra trail Stara planina - Skyrunning Serbia &amp; Montenegro","robots":{"index":"index","follow":"follow","max-snippet":"max-snippet:-1","max-image-preview":"max-image-preview:large","max-video-preview":"max-video-preview:-1"},"canonical":"https:\/\/www.skyrunning-serbia.com\/en\/kalendar-2015\/ultra-trail-stara-planina\/","og_locale":"en_US","og_type":"article","og_title":"Ultra trail Stara planina - Skyrunning Serbia &amp; Montenegro","og_description":"Ultra trail Stara planina 5-7.jun (25, 84 i 122km) Knja\u017eevac Sprema se tre\u0107e izdanje Staroplaninskog maratona (24h Koprena) na\u0161e najdu\u017ee [\u2026]","og_url":"https:\/\/www.skyrunning-serbia.com\/en\/kalendar-2015\/ultra-trail-stara-planina\/","og_site_name":"Skyrunning Serbia &amp; Montenegro","article_modified_time":"2022-01-08T17:21:30+00:00","og_image":[{"width":1920,"height":600,"url":"https:\/\/www.skyrunning-serbia.com\/wp-content\/uploads\/2022\/01\/stara_planina.jpg","type":"image\/jpeg"}],"twitter_misc":{"Est. reading time":"2 minutes"},"schema":{"@context":"https:\/\/schema.org","@graph":[{"@type":"WebPage","@id":"https:\/\/www.skyrunning-serbia.com\/kalendar-2015\/ultra-trail-stara-planina\/","url":"https:\/\/www.skyrunning-serbia.com\/kalendar-2015\/ultra-trail-stara-planina\/","name":"Ultra trail Stara planina - Skyrunning Serbia &amp; Montenegro","isPartOf":{"@id":"https:\/\/www.skyrunning-serbia.com\/#website"},"primaryImageOfPage":{"@id":"https:\/\/www.skyrunning-serbia.com\/kalendar-2015\/ultra-trail-stara-planina\/#primaryimage"},"image":{"@id":"https:\/\/www.skyrunning-serbia.com\/kalendar-2015\/ultra-trail-stara-planina\/#primaryimage"},"thumbnailUrl":"https:\/\/www.skyrunning-serbia.com\/wp-content\/uploads\/2022\/01\/stara_planina.jpg","datePublished":"2022-01-08T15:59:45+00:00","dateModified":"2022-01-08T17:21:30+00:00","breadcrumb":{"@id":"https:\/\/www.skyrunning-serbia.com\/kalendar-2015\/ultra-trail-stara-planina\/#breadcrumb"},"inLanguage":"en-US","potentialAction":[{"@type":"ReadAction","target":["https:\/\/www.skyrunning-serbia.com\/kalendar-2015\/ultra-trail-stara-planina\/"]}]},{"@type":"ImageObject","inLanguage":"en-US","@id":"https:\/\/www.skyrunning-serbia.com\/kalendar-2015\/ultra-trail-stara-planina\/#primaryimage","url":"https:\/\/www.skyrunning-serbia.com\/wp-content\/uploads\/2022\/01\/stara_planina.jpg","contentUrl":"https:\/\/www.skyrunning-serbia.com\/wp-content\/uploads\/2022\/01\/stara_planina.jpg","width":1920,"height":600},{"@type":"BreadcrumbList","@id":"https:\/\/www.skyrunning-serbia.com\/kalendar-2015\/ultra-trail-stara-planina\/#breadcrumb","itemListElement":[{"@type":"ListItem","position":1,"name":"Home","item":"https:\/\/www.skyrunning-serbia.com\/"},{"@type":"ListItem","position":2,"name":"Kalendar 2015","item":"https:\/\/www.skyrunning-serbia.com\/kalendar-2015\/"},{"@type":"ListItem","position":3,"name":"Ultra trail Stara planina"}]},{"@type":"WebSite","@id":"https:\/\/www.skyrunning-serbia.com\/#website","url":"https:\/\/www.skyrunning-serbia.com\/","name":"Skyrunning Serbia &amp; Montenegro","description":"Nebesko Tr\u010danje - Srbija","potentialAction":[{"@type":"SearchAction","target":{"@type":"EntryPoint","urlTemplate":"https:\/\/www.skyrunning-serbia.com\/?s={search_term_string}"},"query-input":{"@type":"PropertyValueSpecification","valueRequired":true,"valueName":"search_term_string"}}],"inLanguage":"en-US"}]}},"_links":{"self":[{"href":"https:\/\/www.skyrunning-serbia.com\/en\/wp-json\/wp\/v2\/pages\/3896","targetHints":{"allow":["GET"]}}],"collection":[{"href":"https:\/\/www.skyrunning-serbia.com\/en\/wp-json\/wp\/v2\/pages"}],"about":[{"href":"https:\/\/www.skyrunning-serbia.com\/en\/wp-json\/wp\/v2\/types\/page"}],"author":[{"embeddable":true,"href":"https:\/\/www.skyrunning-serbia.com\/en\/wp-json\/wp\/v2\/users\/3"}],"replies":[{"embeddable":true,"href":"https:\/\/www.skyrunning-serbia.com\/en\/wp-json\/wp\/v2\/comments?post=3896"}],"version-history":[{"count":1,"href":"https:\/\/www.skyrunning-serbia.com\/en\/wp-json\/wp\/v2\/pages\/3896\/revisions"}],"predecessor-version":[{"id":3898,"href":"https:\/\/www.skyrunning-serbia.com\/en\/wp-json\/wp\/v2\/pages\/3896\/revisions\/3898"}],"up":[{"embeddable":true,"href":"https:\/\/www.skyrunning-serbia.com\/en\/wp-json\/wp\/v2\/pages\/14"}],"wp:featuredmedia":[{"embeddable":true,"href":"https:\/\/www.skyrunning-serbia.com\/en\/wp-json\/wp\/v2\/media\/3899"}],"wp:attachment":[{"href":"https:\/\/www.skyrunning-serbia.com\/en\/wp-json\/wp\/v2\/media?parent=3896"}],"curies":[{"name":"wp","href":"https:\/\/api.w.org\/{rel}","templated":true}]}}