{"id":3884,"date":"2022-01-08T16:42:17","date_gmt":"2022-01-08T15:42:17","guid":{"rendered":"https:\/\/www.skyrunning-serbia.com\/?page_id=3884"},"modified":"2022-01-08T18:21:16","modified_gmt":"2022-01-08T17:21:16","slug":"sky-race-sokolov-put-01-maj","status":"publish","type":"page","link":"https:\/\/www.skyrunning-serbia.com\/en\/kalendar-2015\/sky-race-sokolov-put-01-maj\/","title":{"rendered":"Sky Race Sokolov put 01.maj"},"content":{"rendered":"<h2>Sky Race Sokolov put<br \/>\n01.maj (22km 2.200D+) Ni\u0161<\/h2>\n<blockquote><p>&nbsp;<br \/>\nDa li treba predstavljati ovu trku? Sigurno da ne, verovatno najlep\u0161a i najpopularnija planinska trka 2014. godine u Srbiji. Ni\u0161kabanja-Mosor-Sokolov kamen-Trem! U 2015. \u0107e se odr\u017eati u petak s obzirom da je neradni dan a posebno Vas o\u010dekuju programi u subotu i nedelju ukoliko \u017eelite da provedete Prvomajske praznike u okolini Ni\u0161a koji ima dosta toga da ponudi. Svakako Vam organizujemo izlet u Cerjansku pe\u0107inu, adrenalinsku pe\u0161a\u010dku turu po Si\u0107eva\u010dkoj klisuri itd. Rekord dr\u017ei Nenad \u017divkovi\u0107 (2h 46min). Prijave otvaramo 1.marta a zatvaramo 10.aprila. Nema naknadnih prijava. Ostaju dve kategorije, planinari i trka\u010di. Promo spot sa prvog izdanja ove trke mo\u017eete pogledati na slede\u0107em linku: <a href=\"https:\/\/vimeo.com\/98530928\" target=\"_blank\" rel=\"noopener\">Promo spot.<\/a><\/p><\/blockquote>\n<p>Vreme je za drugo izdanje udarne trke Skajraning lige Srbije, vi\u0161e o bodovanju i zna\u010daju ove trke mo\u017eete videti na slede\u0107em linku &#8211;&nbsp;<a href=\"http:\/\/www.skyrunning-serbia.com\/en\/rezultati\/\" target=\"_blank\" rel=\"noopener\">Results<\/a>&nbsp;(rezervni dan u slu\u010daju lo\u0161eg vremena je subota 02.maj). Mesto okupljanja, Ni\u0161ka banja.<\/p>\n<p><strong>O ruti<\/strong><\/p>\n<p>Fantasti\u010dna staza vas vodi preko Koritnika, Crnog kamena, Mosora i Sokolovog kamena na Trem. Jedna od najte\u017eih jednodnevnih ruta u na\u0161oj zemlji, definitivno sa najja\u010dim usponom sa sjajnim vidikovcima du\u017e grebena Suve. Samo zamislite distancu polumaratona a da treba da popnete Mid\u017eor sa nivoa mora.Trka kre\u0107e u 8h ujutru iz centra Ni\u0161ke banje. Okupljanje takmi\u010dara je u \u010detvrtak 30.aprila u 21h, potpisivanje izjave odgovornosti, dodela paketa, startnih brojeva, majci. Organizovan je gratis prevoz autobusom (BG-Ni\u0161ka banja-BG) kao i ru\u010dak dobrodo\u0161lice u petak po podne na Bojaninim vodama, za sve u\u010desnike. Tako\u0111e je organizovan i prostor za kampovanje sa toaletima i vodom za pi\u0107e (dakle, spremite \u0161atore).Uvek mo\u017eete bukirati sebi sme\u0161taj u Ni\u0161koj banji koji je krajnje pristupa\u010dan kao i termin za saunu i hidro masa\u017eu. Banja ima veliki sme\u0161tajni kapacitet pa ne morate zvati dosta ranije. Kontakt osoba vezano za Ni\u0161ku banju: Jelena Todorovi\u0107 TO Ni\u0161 (0691523351) Posle izlaska na Trem (fini\u0161 trke), svi takmi\u010dari treba da se spuste do Bojaninih voda preko Devoja\u010dkog groba (jo\u0161 cca 6km) gde \u0107e ih \u010dekati vozila organizatora koja prebacuju sve do starta, Ni\u0161ke banje. Naravno pre toga kao \u0161to smo napomenuli, \u010deka vas ru\u010dak u domu.<\/p>\n<p><strong>\u201eSokolov put\u201c 22km, bitne stavke<\/strong><\/p>\n<p>&#8211; Start Ni\u0161ka banja<br \/>\n&#8211; Cilj vrh Trem<br \/>\n&#8211; Du\u017eina staze 22km sa 2.169mnv uspona<br \/>\n&#8211; Najvi\u0161a ta\u010dka 1.810mnv<br \/>\n&#8211; Najni\u017ea ta\u010dka Ni\u0161ka banja 280mnv<br \/>\n&#8211; 1 osve\u017eavaju\u0107a stanica na 9km (mogu\u0107e ostavljanje stvari, imate hranu, vodu, slatki\u0161e)<br \/>\n&#8211; 3 kontrolne ta\u010dke<br \/>\n&#8211; 4 izvora\/stanice sa vodom<br \/>\n&#8211; Obavezna oprema: astro folija i pi\u0161taljka<br \/>\n&#8211; Kotizacija 1200 din za trka\u010de, 600 din za planinare, prijave na&nbsp;<a href=\"http:\/\/trka.rs\/event\/10\/\" target=\"_blank\" rel=\"noopener\">Trka.rs<\/a><br \/>\n&#8211; Paket dobrodo\u0161lice: majica trke, karta staze, evidencioni karton, fini\u0161erska medalja<br \/>\n&#8211; Vremensko ograni\u010denje za trka\u010de 7 sati, za planinare 10 sati<br \/>\n&#8211; Planinari ne koriste osve\u017eavaju\u0107e punktove, samo vodu mogu dopuniti na 13km kod repetitora (ispod Mosora)<br \/>\n&#8211; Planinari nemaju rangiranje za Srpsku Skajraning ligu<br \/>\n&#8211; Limit 300 u\u010desnika<\/p>\n<p><strong>Svi detalji<\/strong><\/p>\n<p>Dosta vas je nestrpljivo zvalo, pitalo, pisalo. Niste u\u010destvovali pro\u0161le godine i du\u017eni smo da pro\u0111emo jo\u0161 jednom kroz sve. Izvukli smo sva vasa pitanja, i vi\u0161e od toga, kako bi vam napravili listu korisnih informacija pred samu trku.Jednostavno, stavili smo se u va\u0161u ko\u017eu.<br \/>\n&#8211; Trka\u010di mogu ostaviti svoje stvari organizatoru u \u010detvrtak uve\u010de na potpisivanju izjava i preuzimanju startnog broja (crna kesa na kojoj ce pisati va\u0161 startni broj).Te stvari ce vas cekati u mini busu na Bojaninim vodama kad zavrsite trku (ne na nekom usputnom punktu).Dakle, stvari nam predajete u \u010detvrtak ve\u010de na dodeli startnog paketa i potpisivanju izjave odgovornosti.Planinari sami nose svoje stvari!<br \/>\n&#8211; Svi morate biti u \u010detvrtak ve\u010de u Niskoj banji u kampu izmedju 20 i 23h najkasnije. Kako planinari tako i trka\u010di, ko ne obavi sve formalnosti i li\u010dno ne prisustvuje ne moze biti u\u010desnik trke. Niko ne moze umeto vas potpisati izjavu odgovornosti, morate imati i li\u010dnu kartu\/pasos sa sobom radi identifikacije.<br \/>\n&#8211; Startni brojevi su isti za celu ligu i za njih \u0107ete ostaviti deposit od 200 dinara, ko ho\u0107e da ih zadr\u017ei za uspomenu nema problema. Depozit ostaje kod nas, bitno je da razvijamo ekolo\u0161ku svest, nije nam potrebno da printamo za 9 trka, 9 razli\u010ditih startnih brojeva.<br \/>\n&#8211; Staza \u0107e biti markirana klasi\u010dnim planinarskim markacijama i trakicama, plus \u0107e svaki punkt imati oznaku sa kilometra\u017eom. Sve isto kao i 2014. Gde nije bilo ni najmanjih problema<br \/>\n&#8211; Na Mosoru (12km trke) vas o\u010dekuje uska, strma stazica. Zanimljiv spust I jako atraktivan. Vodite ra\u010duna, tu se stvara mali \u010dep ali to je sve normalno, u skladu sa ISF pravilima. Za SkyRace je \u010dak i po\u017eeljno imati kratke tehni\u010dke deonice, sve je to u duhu Skyrunninga!<br \/>\n&#8211; Na kontrolnoj ta\u010dki \u201cRajac\u201d trka\u010di mogu ostaviti vi\u0161ak stvari organizatoru, samo na toj ta\u010dki (9km trke)<br \/>\n&#8211; Organizovan je gratis prevoz za prvih 70 takmi\u010dara koji se prijave I plate kotizaciju, autobus kre\u0107e u \u010detvrtak u 17h sa parking BG Arene (posle zatvaranja prijava dobi\u0107ete mail sa instrukcijama i kontakt vo\u0111e puta) budite tacni, kre\u0107e se na vreme! U pitanju je parking koji gleda na glavni ulaz u Arenu.Autobus krece iz Ni\u0161ke banje u petak u 20h ka BG ako sve bude kako treba.<br \/>\n&#8211; Na raspolaganju imate kamp (mapa u prilogu) koji je na 5 min hoda od starta. Na 150m je i veliki parking kao i sportska hala u kojoj tako\u0111e mo\u017eete spavati ako nemate svoj \u0161ator ili bude hladno. Kamp \u0107e imati mobilne toalete, \u0161tabni \u0161ator i pitku vodu.<br \/>\n&#8211; Ko ima dobar \u0161u\u0161kavac i kabanicu koja \u0161titi od vetra i ki\u0161e, ne mora imati astro foliju. Pi\u0161taljka je obavezna.Planinari svakako ne moraju imati astro foliju.Uvodimo naviku o no\u0161enju astro folije zbog ISF &#8211; a, generalno je obavezna svuda po svetu na ovakvim trkama. Najbolje ste to nau\u010dili na Staroj planini pro\u0161le godine. Nekima je \u017eivot spasila.<br \/>\n&#8211; Na Bojaninim vodama vas \u010dekaju mini busevi koji vas vra\u0107aju u Ni\u0161ku banju. Uzmite u obzir vremenske limite, oni vaze do Bojaninih voda a ne do Trema.Dakle, za 7h poslednji trka\u010di moraju biti na B.vodama a planinari za 10h (18h). Tu imate i ru\u010dak. Limiti \u0107e se striktno po\u0161tovati, posle tog vremena nema ko da vas vra\u0107a nazad.Postoja\u0107e jo\u0161 jedna lokacija za vremenski limit na stazi, Devoja\u010dki grob ali tome \u0107emo na licu mesta.<br \/>\n&#8211; Ru\u010dak dobrodo\u0161lice je za sve ucesnike (svi dobijate i specijalne trakice kako bi se razlikovali od turista i prolaznika), sve vas \u010deka kod doma. Trakice obavezno nosite na ruci do kraja manifestacije<br \/>\n&#8211; Planinari mogu samo na jednom mestu dopuniti vodu, I Repetitior (13km).Trka\u010di imaju \u010detiri mesta, isto kao planinari plus Rautovo (6km), Rajac (9km) i Devojacki grob (19km)<br \/>\n&#8211; Na Rajcu je i dodatna energija samo za trkace, vo\u0107e, sokovi, \u010dokoladice itd\u2026<br \/>\n&#8211; Ne treba vam lekarsko uverenje ali svi mladji od 18 god moraju imati saglasnost od roditelja overenu u sudu<br \/>\n&#8211; Svaki ucesnik mora imati li\u010dnu kartu na potpisivanju izjave odgovornosti<br \/>\n&#8211; Na svim kontrolnim ta\u010dkama se nalaze kontrolori koji vam obavezno perforatorima overavaju evidencioni karton trke. Ako imate sve overeno, zna\u010di da ste zavrsili trku<br \/>\n&#8211; Pored ve\u0107 napomenutih kontrolnih ta\u010dki i lokacija, organizatori \u0107e biti rasporedjeni uzduz cele staze sa GSS-om kako bi nadgledali regularnost trke<br \/>\n&#8211; Sve \u0161to morate obaviti pred trku od formalnosti ili pitati, uradite to u \u010detvrtak ve\u010de jel u petak pre 6h ujutru 90% ljudi iz organizacije odlazi u planinu i bavimo se samo realizacijom trke<br \/>\n&#8211; Staza je takva da prvih 12km imate makadamsku stazu (mix zemlje i kamena) sa mogu\u0107no\u0161\u0107u da \u0107e biti i blata na nekim delovima.Od 12km do 19km je kozija stazica puna kamenja (kre\u010dnja\u010dki teren), tu nema blata.Vrlo te\u0161ka za tr\u010danje, budite pazljivi! Od 19km do kraja je isto uska kozija stazica ali mnogo bolja za tr\u010danje, ne o\u010dekujte blato.<br \/>\n&#8211; Nema naknadnih prijava.<\/p>\n<p>Rok za prijave i kotizacije je 10.april do 16h, sve je ve\u0107 otvoreno preko portala trka.rs. Nagradni fond \u0107e biti objavljen najkasnije do 09.aprila a o autobus imate sve informacije u stavki broj 5.<\/p>\n<p>Vi\u0161e informacija mo\u017eete dobiti na mailu skyrunning.serbia@gmail.com ili na +381638670711 (direktor trke \u2013 Marko Nikoli\u0107)<\/p>\n<p>Su- organizator: Turisti\u010dka organizacija Ni\u0161 i Ni\u0161ka banja&nbsp;<a href=\"http:\/\/www.visitnis.com\/\" target=\"_blank\" rel=\"noopener\">www.visitnis.com<\/a><br \/>\nFB page&nbsp;<a href=\"https:\/\/www.facebook.com\/sokolovput\" target=\"_blank\" rel=\"noopener\">Sokolov put<\/a><\/p>\n<p><a href=\"https:\/\/www.facebook.com\/media\/set\/?set=a.1559083397651520.1073741830.1414751028751425&amp;type=3\" target=\"_blank\" rel=\"noopener\">Album sa pro\u0161logodi\u0161nje trke<\/a><\/p>\n<ul>\n<li><a href=\"http:\/\/skyrunning-serbia.com\/baneri\/EK.doc\" target=\"_blank\" rel=\"noopener\">Download &#8211; Evidencioni karton 01<\/a><\/li>\n<li><a href=\"http:\/\/skyrunning-serbia.com\/baneri\/EK2.doc\" target=\"_blank\" rel=\"noopener\">Download &#8211; Evidencioni karton 02<\/a><\/li>\n<li><a href=\"http:\/\/skyrunning-serbia.com\/baneri\/map.doc\" target=\"_blank\" rel=\"noopener\">Download &#8211; Mapa<\/a><\/li>\n<li><a href=\"http:\/\/skyrunning-serbia.com\/baneri\/map2.doc\" target=\"_blank\" rel=\"noopener\">Download &#8211; Karta<\/a><\/li>\n<\/ul>","protected":false},"excerpt":{"rendered":"<p>Sky Race Sokolov put 01.maj (22km 2.200D+) Ni\u0161 &nbsp; Da li treba predstavljati ovu trku? Sigurno da ne, verovatno najlep\u0161a<span class=\"excerpt-hellip\"> [\u2026]<\/span><\/p>\n","protected":false},"author":3,"featured_media":3885,"parent":14,"menu_order":2,"comment_status":"closed","ping_status":"closed","template":"","meta":{"ngg_post_thumbnail":0,"footnotes":"","_links_to":"","_links_to_target":""},"class_list":["post-3884","page","type-page","status-publish","has-post-thumbnail","hentry"],"yoast_head":"<!-- This site is optimized with the Yoast SEO plugin v27.4 - https:\/\/yoast.com\/product\/yoast-seo-wordpress\/ -->\n<title>Sky Race Sokolov put 01.maj - Skyrunning Serbia &amp; Montenegro<\/title>\n<meta name=\"robots\" content=\"index, follow, max-snippet:-1, max-image-preview:large, max-video-preview:-1\" \/>\n<link rel=\"canonical\" href=\"https:\/\/www.skyrunning-serbia.com\/en\/kalendar-2015\/sky-race-sokolov-put-01-maj\/\" \/>\n<meta property=\"og:locale\" content=\"en_US\" \/>\n<meta property=\"og:type\" content=\"article\" \/>\n<meta property=\"og:title\" content=\"Sky Race Sokolov put 01.maj - Skyrunning Serbia &amp; Montenegro\" \/>\n<meta property=\"og:description\" content=\"Sky Race Sokolov put 01.maj (22km 2.200D+) Ni\u0161 &nbsp; Da li treba predstavljati ovu trku? Sigurno da ne, verovatno najlep\u0161a [\u2026]\" \/>\n<meta property=\"og:url\" content=\"https:\/\/www.skyrunning-serbia.com\/en\/kalendar-2015\/sky-race-sokolov-put-01-maj\/\" \/>\n<meta property=\"og:site_name\" content=\"Skyrunning Serbia &amp; Montenegro\" \/>\n<meta property=\"article:modified_time\" content=\"2022-01-08T17:21:16+00:00\" \/>\n<meta property=\"og:image\" content=\"https:\/\/www.skyrunning-serbia.com\/wp-content\/uploads\/2022\/01\/sokolov_put.jpg\" \/>\n\t<meta property=\"og:image:width\" content=\"1920\" \/>\n\t<meta property=\"og:image:height\" content=\"600\" \/>\n\t<meta property=\"og:image:type\" content=\"image\/jpeg\" \/>\n<meta name=\"twitter:label1\" content=\"Est. reading time\" \/>\n\t<meta name=\"twitter:data1\" content=\"8 minutes\" \/>\n<script type=\"application\/ld+json\" class=\"yoast-schema-graph\">{\"@context\":\"https:\\\/\\\/schema.org\",\"@graph\":[{\"@type\":\"WebPage\",\"@id\":\"https:\\\/\\\/www.skyrunning-serbia.com\\\/kalendar-2015\\\/sky-race-sokolov-put-01-maj\\\/\",\"url\":\"https:\\\/\\\/www.skyrunning-serbia.com\\\/kalendar-2015\\\/sky-race-sokolov-put-01-maj\\\/\",\"name\":\"Sky Race Sokolov put 01.maj - Skyrunning Serbia &amp; Montenegro\",\"isPartOf\":{\"@id\":\"https:\\\/\\\/www.skyrunning-serbia.com\\\/#website\"},\"primaryImageOfPage\":{\"@id\":\"https:\\\/\\\/www.skyrunning-serbia.com\\\/kalendar-2015\\\/sky-race-sokolov-put-01-maj\\\/#primaryimage\"},\"image\":{\"@id\":\"https:\\\/\\\/www.skyrunning-serbia.com\\\/kalendar-2015\\\/sky-race-sokolov-put-01-maj\\\/#primaryimage\"},\"thumbnailUrl\":\"https:\\\/\\\/www.skyrunning-serbia.com\\\/wp-content\\\/uploads\\\/2022\\\/01\\\/sokolov_put.jpg\",\"datePublished\":\"2022-01-08T15:42:17+00:00\",\"dateModified\":\"2022-01-08T17:21:16+00:00\",\"breadcrumb\":{\"@id\":\"https:\\\/\\\/www.skyrunning-serbia.com\\\/kalendar-2015\\\/sky-race-sokolov-put-01-maj\\\/#breadcrumb\"},\"inLanguage\":\"en-US\",\"potentialAction\":[{\"@type\":\"ReadAction\",\"target\":[\"https:\\\/\\\/www.skyrunning-serbia.com\\\/kalendar-2015\\\/sky-race-sokolov-put-01-maj\\\/\"]}]},{\"@type\":\"ImageObject\",\"inLanguage\":\"en-US\",\"@id\":\"https:\\\/\\\/www.skyrunning-serbia.com\\\/kalendar-2015\\\/sky-race-sokolov-put-01-maj\\\/#primaryimage\",\"url\":\"https:\\\/\\\/www.skyrunning-serbia.com\\\/wp-content\\\/uploads\\\/2022\\\/01\\\/sokolov_put.jpg\",\"contentUrl\":\"https:\\\/\\\/www.skyrunning-serbia.com\\\/wp-content\\\/uploads\\\/2022\\\/01\\\/sokolov_put.jpg\",\"width\":1920,\"height\":600},{\"@type\":\"BreadcrumbList\",\"@id\":\"https:\\\/\\\/www.skyrunning-serbia.com\\\/kalendar-2015\\\/sky-race-sokolov-put-01-maj\\\/#breadcrumb\",\"itemListElement\":[{\"@type\":\"ListItem\",\"position\":1,\"name\":\"Home\",\"item\":\"https:\\\/\\\/www.skyrunning-serbia.com\\\/\"},{\"@type\":\"ListItem\",\"position\":2,\"name\":\"Kalendar 2015\",\"item\":\"https:\\\/\\\/www.skyrunning-serbia.com\\\/kalendar-2015\\\/\"},{\"@type\":\"ListItem\",\"position\":3,\"name\":\"Sky Race Sokolov put 01.maj\"}]},{\"@type\":\"WebSite\",\"@id\":\"https:\\\/\\\/www.skyrunning-serbia.com\\\/#website\",\"url\":\"https:\\\/\\\/www.skyrunning-serbia.com\\\/\",\"name\":\"Skyrunning Serbia &amp; Montenegro\",\"description\":\"Nebesko Tr\u010danje - Srbija\",\"potentialAction\":[{\"@type\":\"SearchAction\",\"target\":{\"@type\":\"EntryPoint\",\"urlTemplate\":\"https:\\\/\\\/www.skyrunning-serbia.com\\\/?s={search_term_string}\"},\"query-input\":{\"@type\":\"PropertyValueSpecification\",\"valueRequired\":true,\"valueName\":\"search_term_string\"}}],\"inLanguage\":\"en-US\"}]}<\/script>\n<!-- \/ Yoast SEO plugin. -->","yoast_head_json":{"title":"Sky Race Sokolov put 01.maj - Skyrunning Serbia &amp; Montenegro","robots":{"index":"index","follow":"follow","max-snippet":"max-snippet:-1","max-image-preview":"max-image-preview:large","max-video-preview":"max-video-preview:-1"},"canonical":"https:\/\/www.skyrunning-serbia.com\/en\/kalendar-2015\/sky-race-sokolov-put-01-maj\/","og_locale":"en_US","og_type":"article","og_title":"Sky Race Sokolov put 01.maj - Skyrunning Serbia &amp; Montenegro","og_description":"Sky Race Sokolov put 01.maj (22km 2.200D+) Ni\u0161 &nbsp; Da li treba predstavljati ovu trku? Sigurno da ne, verovatno najlep\u0161a [\u2026]","og_url":"https:\/\/www.skyrunning-serbia.com\/en\/kalendar-2015\/sky-race-sokolov-put-01-maj\/","og_site_name":"Skyrunning Serbia &amp; Montenegro","article_modified_time":"2022-01-08T17:21:16+00:00","og_image":[{"width":1920,"height":600,"url":"https:\/\/www.skyrunning-serbia.com\/wp-content\/uploads\/2022\/01\/sokolov_put.jpg","type":"image\/jpeg"}],"twitter_misc":{"Est. reading time":"8 minutes"},"schema":{"@context":"https:\/\/schema.org","@graph":[{"@type":"WebPage","@id":"https:\/\/www.skyrunning-serbia.com\/kalendar-2015\/sky-race-sokolov-put-01-maj\/","url":"https:\/\/www.skyrunning-serbia.com\/kalendar-2015\/sky-race-sokolov-put-01-maj\/","name":"Sky Race Sokolov put 01.maj - Skyrunning Serbia &amp; Montenegro","isPartOf":{"@id":"https:\/\/www.skyrunning-serbia.com\/#website"},"primaryImageOfPage":{"@id":"https:\/\/www.skyrunning-serbia.com\/kalendar-2015\/sky-race-sokolov-put-01-maj\/#primaryimage"},"image":{"@id":"https:\/\/www.skyrunning-serbia.com\/kalendar-2015\/sky-race-sokolov-put-01-maj\/#primaryimage"},"thumbnailUrl":"https:\/\/www.skyrunning-serbia.com\/wp-content\/uploads\/2022\/01\/sokolov_put.jpg","datePublished":"2022-01-08T15:42:17+00:00","dateModified":"2022-01-08T17:21:16+00:00","breadcrumb":{"@id":"https:\/\/www.skyrunning-serbia.com\/kalendar-2015\/sky-race-sokolov-put-01-maj\/#breadcrumb"},"inLanguage":"en-US","potentialAction":[{"@type":"ReadAction","target":["https:\/\/www.skyrunning-serbia.com\/kalendar-2015\/sky-race-sokolov-put-01-maj\/"]}]},{"@type":"ImageObject","inLanguage":"en-US","@id":"https:\/\/www.skyrunning-serbia.com\/kalendar-2015\/sky-race-sokolov-put-01-maj\/#primaryimage","url":"https:\/\/www.skyrunning-serbia.com\/wp-content\/uploads\/2022\/01\/sokolov_put.jpg","contentUrl":"https:\/\/www.skyrunning-serbia.com\/wp-content\/uploads\/2022\/01\/sokolov_put.jpg","width":1920,"height":600},{"@type":"BreadcrumbList","@id":"https:\/\/www.skyrunning-serbia.com\/kalendar-2015\/sky-race-sokolov-put-01-maj\/#breadcrumb","itemListElement":[{"@type":"ListItem","position":1,"name":"Home","item":"https:\/\/www.skyrunning-serbia.com\/"},{"@type":"ListItem","position":2,"name":"Kalendar 2015","item":"https:\/\/www.skyrunning-serbia.com\/kalendar-2015\/"},{"@type":"ListItem","position":3,"name":"Sky Race Sokolov put 01.maj"}]},{"@type":"WebSite","@id":"https:\/\/www.skyrunning-serbia.com\/#website","url":"https:\/\/www.skyrunning-serbia.com\/","name":"Skyrunning Serbia &amp; Montenegro","description":"Nebesko Tr\u010danje - Srbija","potentialAction":[{"@type":"SearchAction","target":{"@type":"EntryPoint","urlTemplate":"https:\/\/www.skyrunning-serbia.com\/?s={search_term_string}"},"query-input":{"@type":"PropertyValueSpecification","valueRequired":true,"valueName":"search_term_string"}}],"inLanguage":"en-US"}]}},"_links":{"self":[{"href":"https:\/\/www.skyrunning-serbia.com\/en\/wp-json\/wp\/v2\/pages\/3884","targetHints":{"allow":["GET"]}}],"collection":[{"href":"https:\/\/www.skyrunning-serbia.com\/en\/wp-json\/wp\/v2\/pages"}],"about":[{"href":"https:\/\/www.skyrunning-serbia.com\/en\/wp-json\/wp\/v2\/types\/page"}],"author":[{"embeddable":true,"href":"https:\/\/www.skyrunning-serbia.com\/en\/wp-json\/wp\/v2\/users\/3"}],"replies":[{"embeddable":true,"href":"https:\/\/www.skyrunning-serbia.com\/en\/wp-json\/wp\/v2\/comments?post=3884"}],"version-history":[{"count":2,"href":"https:\/\/www.skyrunning-serbia.com\/en\/wp-json\/wp\/v2\/pages\/3884\/revisions"}],"predecessor-version":[{"id":3887,"href":"https:\/\/www.skyrunning-serbia.com\/en\/wp-json\/wp\/v2\/pages\/3884\/revisions\/3887"}],"up":[{"embeddable":true,"href":"https:\/\/www.skyrunning-serbia.com\/en\/wp-json\/wp\/v2\/pages\/14"}],"wp:featuredmedia":[{"embeddable":true,"href":"https:\/\/www.skyrunning-serbia.com\/en\/wp-json\/wp\/v2\/media\/3885"}],"wp:attachment":[{"href":"https:\/\/www.skyrunning-serbia.com\/en\/wp-json\/wp\/v2\/media?parent=3884"}],"curies":[{"name":"wp","href":"https:\/\/api.w.org\/{rel}","templated":true}]}}