{"id":3878,"date":"2022-01-08T16:34:26","date_gmt":"2022-01-08T15:34:26","guid":{"rendered":"https:\/\/www.skyrunning-serbia.com\/?page_id=3878"},"modified":"2022-01-08T18:21:04","modified_gmt":"2022-01-08T17:21:04","slug":"rtanj-vertical-kilometer-21-mart","status":"publish","type":"page","link":"https:\/\/www.skyrunning-serbia.com\/en\/kalendar-2015\/rtanj-vertical-kilometer-21-mart\/","title":{"rendered":"Rtanj Vertical Kilometer 21.mart"},"content":{"rendered":"<h2>Rtanj Vertical Kilometer<\/h2>\n<h2>21.mart (5km 1100 D+) Boljevac<\/h2>\n<p><strong>Prvi \u201cVerticalKilometer\u201d u Srbiji! Rtanj 21.mart<\/strong><\/p>\n<blockquote><p>\u010cuveni piramidalni vrh \u0160iljak misterioznog Rtnja (1.565mnv) i njegova severna strana Vas o\u010dekuju. Na samo 190 km od Beograda Vas o\u010dekuje jedna od najstrmijih kozijih staza Isto\u010dne Srbije. Legende ka\u017eu da je to vremenska kapija, \u010dakra Zemlje, NLO lokacija ali Vam mi svakako mo\u017eemo potvrditi da je ova planina poseban do\u017eivljaj. Vertikalni kilometar je izuzetno atraktivan format u Skyrunning komuni i pravi izazov za sve trka\u010de. U 2011. i 2012. se ovom stazom tr\u010dalo na 4 elements trci. Sama ruta ne\u0107e biti skroz ista ali rekord te staze dr\u017ei Dejan Popovi\u0107 sa 62 min. Prijave otvaramo 15.januara a zatvaramo 5.marta. Mogu\u0107a je prijava i posle roka kao i na licu mesta ali na\u017ealost ne mo\u017eemo garantovati \u201cu\u010desni\u010dki paket\u201d ili mesta u takmi\u010darskom autobusu. Postoji samo jedna kategorija \u2013trka\u010d. Vi\u0161e o ovom predelu i magi\u010dnom Rtnju mo\u017eete pogledati na slede\u0107em linku: <a href=\"https:\/\/vimeo.com\/59395452\" target=\"_blank\" rel=\"noopener\">Magi\u010dni Rtanj<\/a>.<br \/>\nSpremite se za NLO vertikalu!<\/p><\/blockquote>\n<p>Vreme je da testirate sebe na pravi na\u010din. Ultimativni izazov Skyrunning formata je svakako \u201cVertikalni kilometar\u201d. Ukoliko ste pro\u010ditali sistem bodovanja jasno vam je da trka\u010d mora i treba biti svestran. Podjednako dobar kako na kra\u0107im tako i na ultra distancama. Trka startuje u blizini napu\u0161tenog rudnika sa severne strane u 10h. Svi takmi\u010dari moraju biti u 9:40 kod starog napu\u0161tenog rudnika sa severne strane.Odatle nas o\u010dekuje desetak minuta pe\u0161a\u010denja do samog starta. Na samoj stazi i u povratku nakon trke \u0107e biti organizovane dve okrepne ta\u010dke. Prva okrepa vas o\u010dekuje na 2.5 km staze. Druga okrepa je obezbe\u0111ena na silasku sa planine (nakon cilja) na sedlu na ju\u017enoj strani. Po dolasku na cilj tj vrh \u0160iljak, mo\u017eete se zadr\u017eati neko vreme, \u0161to i preporu\u010dujemo jer je pogled fantasti\u010dan. Nakon cilja, bi\u0107e vam pokazana staza kojom se kre\u0107ete ka podno\u017eju. Povratak nazad je \u010duvenom (markiranom) stazom sa ju\u017ene strane ka selu Rtanj (suprotan pravac od kog ste do\u0161li, imate nekih 9km sa 900D-) gde vas \u010deka mini bus i klopa. Tako\u0111e, obezbedi\u0107emo vam i prevoz od sela Rtanj do va\u0161ih kola koja \u0107e ostati na startu (udaljenost starta od sela Rtanj je 4km).<\/p>\n<p><strong>Dolazak i sme\u0161taj<\/strong><\/p>\n<p>Postoji vi\u0161e prilaza Rtnju, najbolji je od auto puta i isklju\u010denja kod Para\u0107ina. Skre\u0107e se desno kod etno kompleksa \u201cBala\u0161evi\u0107\u201d i posle par km ste na krivini kod starog rudnika (pogledati G. Earth prikaze). Drugi pravci su iz Boljevca i Sokobanje.Na vama je da odlu\u010dite ho\u0107ete li do\u0107i ve\u010de pre toga i prespavati negde ili \u0107ete pravo iz svog kreveta na start. Na raspolaganju imate motel u selu Rtanj (Milenium), etno konak Bala\u0161evi\u0107 i Kolibu na Grzi (najbolji uslovi &#8211; <a href=\"http:\/\/www.koliba-grza.co.rs\/o-nama\/\" target=\"_blank\" rel=\"noopener\">Koliba Grza<\/a> ).<\/p>\n<p><strong>Organizovani prevoz<\/strong><\/p>\n<p>Za prvih 28 takmi\u010dara koji se prijave i plate kotizaciju organizovan je besplatni prevoz od Beograda do starta trke. Mini bus kre\u0107e sa parkinga BG Arene (parking koji gleda ka glavnom ulazu) 21.marta u 6h. Ukoliko se nalazite na ovom spisku (prema evidenciji na trka.rs) i ne nameravate da koristite organizovan prevoz, molimo vas da nas o tome obavestite najkasnije do 15. marta.<\/p>\n<p><strong>Equipment<\/strong><\/p>\n<p>Ne postoji obavezna oprema, me\u0111utim u slu\u010daju lo\u0161ih vremenskih uslova i hladnijeg vremena od u\u010desnika se mo\u017ee zahtevati da sa sobom ponesu \u0161u\u0161kavce ili dodatne slojeve. O eventualnoj obaveznoj opremi u\u010desnici \u0107e biti obave\u0161teni pre trke kada budu bili poznati vremenski uslovi koji nas o\u010dekuju. \u0160tapovi su dozvoljeni na ovoj trci, ali ukoliko se odlu\u010dite da ih koristite vodite ra\u010duna o bezbednosti drugih u\u010desnika na stazi oko vas. Sve stvari koje nameravate da koristite nakon zavr\u0161etka trke i uspona na \u0160iljak morate nositi sa sobom tokom trke. Ne postoje mogu\u0107nosti da vas rezervna oprema \u010deka na vrhu.<br \/>\nPrijave zatvaramo 5.marta a posle toga ne garantujemo u\u010desni\u010dki paket. Vremenski limit je 135 minuta do vrha, dakle svako ko do\u0111e posle 12:15 nema plasman niti fini\u0161ersku medalju.<br \/>\nPostoji samo jedna kategorija \u2013 trka\u010di.<br \/>\nOrganizovani prevoz za Beograd polazi iz sela Rtanj u 17h posle ru\u010dka dobrodo\u0161lice u motelu Milenium.<\/p>\n<p><strong>Vreme:<\/strong> 21. mart 2015 &#8211; 10h<br \/>\n<strong>Vremenski<\/strong> limit: 135 min<br \/>\n<strong>Du\u017eina:<\/strong> 5km<br \/>\n<strong>Vertikalna razlika:<\/strong> 1000m+<br \/>\n<strong>Mandatory equipment:<\/strong> ne postoji obavezna oprema na ovoj stazi (u zavisnosti od vremenskih uslova, obavezna oprema \u0107e biti tra\u017eena)<\/p>\n<p>Prijave: <a href=\"http:\/\/trka.rs\/event\/7\/\" target=\"_blank\" rel=\"noopener\">Prijavite se<\/a><br \/>\nLista prijavljenih: <a href=\"http:\/\/trka.rs\/event\/7\/runners\/\" target=\"_blank\" rel=\"noopener\">Runners<\/a><br \/>\n<strong>Race director, info kontakt:<\/strong> Marko Nikoli\u0107 063.86.70.711<\/p>\n\n\t\t\t<style type='text\/css'>\n\t\t\t\t#sc_gallery-1 {\n\t\t\t\t\tmargin: auto;\n\t\t\t\t}\n\t\t\t\t#sc_gallery-1 .gallery-item {\n\t\t\t\t\tfloat: left;\n\t\t\t\t\ttext-align: center;\n\t\t\t\t\twidth: 49.99%;\n\t\t\t\t}\n\t\t\t\t#sc_gallery-1 img {\n\t\t\t\t\tborder: 2px solid #cfcfcf;\n\t\t\t\t}\n\t\t\t\t\/* see sc_gallery() in functions\/theme-shortcodes.php *\/\n\t\t\t<\/style>\n\t\t<div id='sc_gallery-1' class='gallery galleryid-3878 gallery-columns-2 gallery-size-medium file element_classes gallery-default'><dl class='gallery-item'  data-title='rtanjgeprikaz1' data-description=''><div class='gallery-item-wrapper'>\n\t\t\t\t<dt class='gallery-icon landscape'>\n\t\t\t\t\t<a href='https:\/\/www.skyrunning-serbia.com\/wp-content\/uploads\/2022\/01\/rtanjgeprikaz1.jpg'><img loading=\"lazy\" decoding=\"async\" width=\"300\" height=\"169\" src=\"https:\/\/www.skyrunning-serbia.com\/wp-content\/uploads\/2022\/01\/rtanjgeprikaz1-300x169.jpg\" class=\"attachment-medium size-medium\" alt=\"\" srcset=\"https:\/\/www.skyrunning-serbia.com\/wp-content\/uploads\/2022\/01\/rtanjgeprikaz1-300x169.jpg 300w, https:\/\/www.skyrunning-serbia.com\/wp-content\/uploads\/2022\/01\/rtanjgeprikaz1-768x432.jpg 768w, https:\/\/www.skyrunning-serbia.com\/wp-content\/uploads\/2022\/01\/rtanjgeprikaz1-18x10.jpg 18w, https:\/\/www.skyrunning-serbia.com\/wp-content\/uploads\/2022\/01\/rtanjgeprikaz1-260x146.jpg 260w, https:\/\/www.skyrunning-serbia.com\/wp-content\/uploads\/2022\/01\/rtanjgeprikaz1-50x28.jpg 50w, https:\/\/www.skyrunning-serbia.com\/wp-content\/uploads\/2022\/01\/rtanjgeprikaz1-133x75.jpg 133w, https:\/\/www.skyrunning-serbia.com\/wp-content\/uploads\/2022\/01\/rtanjgeprikaz1.jpg 800w\" sizes=\"auto, (max-width:767px) 300px, 300px\" \/><\/a>\n\t\t\t\t<\/dt><\/div><\/dl><dl class='gallery-item'  data-title='rtanjgeprikaz2' data-description=''><div class='gallery-item-wrapper'>\n\t\t\t\t<dt class='gallery-icon landscape'>\n\t\t\t\t\t<a href='https:\/\/www.skyrunning-serbia.com\/wp-content\/uploads\/2022\/01\/rtanjgeprikaz2.jpg'><img loading=\"lazy\" decoding=\"async\" width=\"300\" height=\"185\" src=\"https:\/\/www.skyrunning-serbia.com\/wp-content\/uploads\/2022\/01\/rtanjgeprikaz2-300x185.jpg\" class=\"attachment-medium size-medium\" alt=\"\" srcset=\"https:\/\/www.skyrunning-serbia.com\/wp-content\/uploads\/2022\/01\/rtanjgeprikaz2-300x185.jpg 300w, https:\/\/www.skyrunning-serbia.com\/wp-content\/uploads\/2022\/01\/rtanjgeprikaz2-768x474.jpg 768w, https:\/\/www.skyrunning-serbia.com\/wp-content\/uploads\/2022\/01\/rtanjgeprikaz2-18x12.jpg 18w, https:\/\/www.skyrunning-serbia.com\/wp-content\/uploads\/2022\/01\/rtanjgeprikaz2-236x146.jpg 236w, https:\/\/www.skyrunning-serbia.com\/wp-content\/uploads\/2022\/01\/rtanjgeprikaz2-50x31.jpg 50w, https:\/\/www.skyrunning-serbia.com\/wp-content\/uploads\/2022\/01\/rtanjgeprikaz2-121x75.jpg 121w, https:\/\/www.skyrunning-serbia.com\/wp-content\/uploads\/2022\/01\/rtanjgeprikaz2.jpg 800w\" sizes=\"auto, (max-width:767px) 300px, 300px\" \/><\/a>\n\t\t\t\t<\/dt><\/div><\/dl><br style=\"clear: both\" \/>\n\t\t\t<\/div>","protected":false},"excerpt":{"rendered":"<p>Rtanj Vertical Kilometer 21.mart (5km 1100 D+) Boljevac Prvi \u201cVerticalKilometer\u201d u Srbiji! Rtanj 21.mart \u010cuveni piramidalni vrh \u0160iljak misterioznog Rtnja<span class=\"excerpt-hellip\"> [\u2026]<\/span><\/p>\n","protected":false},"author":3,"featured_media":3881,"parent":14,"menu_order":1,"comment_status":"closed","ping_status":"closed","template":"","meta":{"ngg_post_thumbnail":0,"footnotes":"","_links_to":"","_links_to_target":""},"class_list":["post-3878","page","type-page","status-publish","has-post-thumbnail","hentry"],"yoast_head":"<!-- This site is optimized with the Yoast SEO plugin v27.3 - https:\/\/yoast.com\/product\/yoast-seo-wordpress\/ -->\n<title>Rtanj Vertical Kilometer 21.mart - Skyrunning Serbia &amp; Montenegro<\/title>\n<meta name=\"robots\" content=\"index, follow, max-snippet:-1, max-image-preview:large, max-video-preview:-1\" \/>\n<link rel=\"canonical\" href=\"https:\/\/www.skyrunning-serbia.com\/en\/kalendar-2015\/rtanj-vertical-kilometer-21-mart\/\" \/>\n<meta property=\"og:locale\" content=\"en_US\" \/>\n<meta property=\"og:type\" content=\"article\" \/>\n<meta property=\"og:title\" content=\"Rtanj Vertical Kilometer 21.mart - Skyrunning Serbia &amp; Montenegro\" \/>\n<meta property=\"og:description\" content=\"Rtanj Vertical Kilometer 21.mart (5km 1100 D+) Boljevac Prvi \u201cVerticalKilometer\u201d u Srbiji! Rtanj 21.mart \u010cuveni piramidalni vrh \u0160iljak misterioznog Rtnja [\u2026]\" \/>\n<meta property=\"og:url\" content=\"https:\/\/www.skyrunning-serbia.com\/en\/kalendar-2015\/rtanj-vertical-kilometer-21-mart\/\" \/>\n<meta property=\"og:site_name\" content=\"Skyrunning Serbia &amp; Montenegro\" \/>\n<meta property=\"article:modified_time\" content=\"2022-01-08T17:21:04+00:00\" \/>\n<meta property=\"og:image\" content=\"https:\/\/www.skyrunning-serbia.com\/wp-content\/uploads\/2022\/01\/rtanj_intro.jpg\" \/>\n\t<meta property=\"og:image:width\" content=\"1920\" \/>\n\t<meta property=\"og:image:height\" content=\"600\" \/>\n\t<meta property=\"og:image:type\" content=\"image\/jpeg\" \/>\n<meta name=\"twitter:label1\" content=\"Est. reading time\" \/>\n\t<meta name=\"twitter:data1\" content=\"4 minutes\" \/>\n<script type=\"application\/ld+json\" class=\"yoast-schema-graph\">{\"@context\":\"https:\\\/\\\/schema.org\",\"@graph\":[{\"@type\":\"WebPage\",\"@id\":\"https:\\\/\\\/www.skyrunning-serbia.com\\\/kalendar-2015\\\/rtanj-vertical-kilometer-21-mart\\\/\",\"url\":\"https:\\\/\\\/www.skyrunning-serbia.com\\\/kalendar-2015\\\/rtanj-vertical-kilometer-21-mart\\\/\",\"name\":\"Rtanj Vertical Kilometer 21.mart - Skyrunning Serbia &amp; Montenegro\",\"isPartOf\":{\"@id\":\"https:\\\/\\\/www.skyrunning-serbia.com\\\/#website\"},\"primaryImageOfPage\":{\"@id\":\"https:\\\/\\\/www.skyrunning-serbia.com\\\/kalendar-2015\\\/rtanj-vertical-kilometer-21-mart\\\/#primaryimage\"},\"image\":{\"@id\":\"https:\\\/\\\/www.skyrunning-serbia.com\\\/kalendar-2015\\\/rtanj-vertical-kilometer-21-mart\\\/#primaryimage\"},\"thumbnailUrl\":\"https:\\\/\\\/www.skyrunning-serbia.com\\\/wp-content\\\/uploads\\\/2022\\\/01\\\/rtanj_intro.jpg\",\"datePublished\":\"2022-01-08T15:34:26+00:00\",\"dateModified\":\"2022-01-08T17:21:04+00:00\",\"breadcrumb\":{\"@id\":\"https:\\\/\\\/www.skyrunning-serbia.com\\\/kalendar-2015\\\/rtanj-vertical-kilometer-21-mart\\\/#breadcrumb\"},\"inLanguage\":\"en-US\",\"potentialAction\":[{\"@type\":\"ReadAction\",\"target\":[\"https:\\\/\\\/www.skyrunning-serbia.com\\\/kalendar-2015\\\/rtanj-vertical-kilometer-21-mart\\\/\"]}]},{\"@type\":\"ImageObject\",\"inLanguage\":\"en-US\",\"@id\":\"https:\\\/\\\/www.skyrunning-serbia.com\\\/kalendar-2015\\\/rtanj-vertical-kilometer-21-mart\\\/#primaryimage\",\"url\":\"https:\\\/\\\/www.skyrunning-serbia.com\\\/wp-content\\\/uploads\\\/2022\\\/01\\\/rtanj_intro.jpg\",\"contentUrl\":\"https:\\\/\\\/www.skyrunning-serbia.com\\\/wp-content\\\/uploads\\\/2022\\\/01\\\/rtanj_intro.jpg\",\"width\":1920,\"height\":600},{\"@type\":\"BreadcrumbList\",\"@id\":\"https:\\\/\\\/www.skyrunning-serbia.com\\\/kalendar-2015\\\/rtanj-vertical-kilometer-21-mart\\\/#breadcrumb\",\"itemListElement\":[{\"@type\":\"ListItem\",\"position\":1,\"name\":\"Home\",\"item\":\"https:\\\/\\\/www.skyrunning-serbia.com\\\/\"},{\"@type\":\"ListItem\",\"position\":2,\"name\":\"Kalendar 2015\",\"item\":\"https:\\\/\\\/www.skyrunning-serbia.com\\\/kalendar-2015\\\/\"},{\"@type\":\"ListItem\",\"position\":3,\"name\":\"Rtanj Vertical Kilometer 21.mart\"}]},{\"@type\":\"WebSite\",\"@id\":\"https:\\\/\\\/www.skyrunning-serbia.com\\\/#website\",\"url\":\"https:\\\/\\\/www.skyrunning-serbia.com\\\/\",\"name\":\"Skyrunning Serbia &amp; Montenegro\",\"description\":\"Nebesko Tr\u010danje - Srbija\",\"potentialAction\":[{\"@type\":\"SearchAction\",\"target\":{\"@type\":\"EntryPoint\",\"urlTemplate\":\"https:\\\/\\\/www.skyrunning-serbia.com\\\/?s={search_term_string}\"},\"query-input\":{\"@type\":\"PropertyValueSpecification\",\"valueRequired\":true,\"valueName\":\"search_term_string\"}}],\"inLanguage\":\"en-US\"}]}<\/script>\n<!-- \/ Yoast SEO plugin. -->","yoast_head_json":{"title":"Rtanj Vertical Kilometer 21.mart - Skyrunning Serbia &amp; Montenegro","robots":{"index":"index","follow":"follow","max-snippet":"max-snippet:-1","max-image-preview":"max-image-preview:large","max-video-preview":"max-video-preview:-1"},"canonical":"https:\/\/www.skyrunning-serbia.com\/en\/kalendar-2015\/rtanj-vertical-kilometer-21-mart\/","og_locale":"en_US","og_type":"article","og_title":"Rtanj Vertical Kilometer 21.mart - Skyrunning Serbia &amp; Montenegro","og_description":"Rtanj Vertical Kilometer 21.mart (5km 1100 D+) Boljevac Prvi \u201cVerticalKilometer\u201d u Srbiji! Rtanj 21.mart \u010cuveni piramidalni vrh \u0160iljak misterioznog Rtnja [\u2026]","og_url":"https:\/\/www.skyrunning-serbia.com\/en\/kalendar-2015\/rtanj-vertical-kilometer-21-mart\/","og_site_name":"Skyrunning Serbia &amp; Montenegro","article_modified_time":"2022-01-08T17:21:04+00:00","og_image":[{"width":1920,"height":600,"url":"https:\/\/www.skyrunning-serbia.com\/wp-content\/uploads\/2022\/01\/rtanj_intro.jpg","type":"image\/jpeg"}],"twitter_misc":{"Est. reading time":"4 minutes"},"schema":{"@context":"https:\/\/schema.org","@graph":[{"@type":"WebPage","@id":"https:\/\/www.skyrunning-serbia.com\/kalendar-2015\/rtanj-vertical-kilometer-21-mart\/","url":"https:\/\/www.skyrunning-serbia.com\/kalendar-2015\/rtanj-vertical-kilometer-21-mart\/","name":"Rtanj Vertical Kilometer 21.mart - Skyrunning Serbia &amp; Montenegro","isPartOf":{"@id":"https:\/\/www.skyrunning-serbia.com\/#website"},"primaryImageOfPage":{"@id":"https:\/\/www.skyrunning-serbia.com\/kalendar-2015\/rtanj-vertical-kilometer-21-mart\/#primaryimage"},"image":{"@id":"https:\/\/www.skyrunning-serbia.com\/kalendar-2015\/rtanj-vertical-kilometer-21-mart\/#primaryimage"},"thumbnailUrl":"https:\/\/www.skyrunning-serbia.com\/wp-content\/uploads\/2022\/01\/rtanj_intro.jpg","datePublished":"2022-01-08T15:34:26+00:00","dateModified":"2022-01-08T17:21:04+00:00","breadcrumb":{"@id":"https:\/\/www.skyrunning-serbia.com\/kalendar-2015\/rtanj-vertical-kilometer-21-mart\/#breadcrumb"},"inLanguage":"en-US","potentialAction":[{"@type":"ReadAction","target":["https:\/\/www.skyrunning-serbia.com\/kalendar-2015\/rtanj-vertical-kilometer-21-mart\/"]}]},{"@type":"ImageObject","inLanguage":"en-US","@id":"https:\/\/www.skyrunning-serbia.com\/kalendar-2015\/rtanj-vertical-kilometer-21-mart\/#primaryimage","url":"https:\/\/www.skyrunning-serbia.com\/wp-content\/uploads\/2022\/01\/rtanj_intro.jpg","contentUrl":"https:\/\/www.skyrunning-serbia.com\/wp-content\/uploads\/2022\/01\/rtanj_intro.jpg","width":1920,"height":600},{"@type":"BreadcrumbList","@id":"https:\/\/www.skyrunning-serbia.com\/kalendar-2015\/rtanj-vertical-kilometer-21-mart\/#breadcrumb","itemListElement":[{"@type":"ListItem","position":1,"name":"Home","item":"https:\/\/www.skyrunning-serbia.com\/"},{"@type":"ListItem","position":2,"name":"Kalendar 2015","item":"https:\/\/www.skyrunning-serbia.com\/kalendar-2015\/"},{"@type":"ListItem","position":3,"name":"Rtanj Vertical Kilometer 21.mart"}]},{"@type":"WebSite","@id":"https:\/\/www.skyrunning-serbia.com\/#website","url":"https:\/\/www.skyrunning-serbia.com\/","name":"Skyrunning Serbia &amp; Montenegro","description":"Nebesko Tr\u010danje - Srbija","potentialAction":[{"@type":"SearchAction","target":{"@type":"EntryPoint","urlTemplate":"https:\/\/www.skyrunning-serbia.com\/?s={search_term_string}"},"query-input":{"@type":"PropertyValueSpecification","valueRequired":true,"valueName":"search_term_string"}}],"inLanguage":"en-US"}]}},"_links":{"self":[{"href":"https:\/\/www.skyrunning-serbia.com\/en\/wp-json\/wp\/v2\/pages\/3878","targetHints":{"allow":["GET"]}}],"collection":[{"href":"https:\/\/www.skyrunning-serbia.com\/en\/wp-json\/wp\/v2\/pages"}],"about":[{"href":"https:\/\/www.skyrunning-serbia.com\/en\/wp-json\/wp\/v2\/types\/page"}],"author":[{"embeddable":true,"href":"https:\/\/www.skyrunning-serbia.com\/en\/wp-json\/wp\/v2\/users\/3"}],"replies":[{"embeddable":true,"href":"https:\/\/www.skyrunning-serbia.com\/en\/wp-json\/wp\/v2\/comments?post=3878"}],"version-history":[{"count":2,"href":"https:\/\/www.skyrunning-serbia.com\/en\/wp-json\/wp\/v2\/pages\/3878\/revisions"}],"predecessor-version":[{"id":3883,"href":"https:\/\/www.skyrunning-serbia.com\/en\/wp-json\/wp\/v2\/pages\/3878\/revisions\/3883"}],"up":[{"embeddable":true,"href":"https:\/\/www.skyrunning-serbia.com\/en\/wp-json\/wp\/v2\/pages\/14"}],"wp:featuredmedia":[{"embeddable":true,"href":"https:\/\/www.skyrunning-serbia.com\/en\/wp-json\/wp\/v2\/media\/3881"}],"wp:attachment":[{"href":"https:\/\/www.skyrunning-serbia.com\/en\/wp-json\/wp\/v2\/media?parent=3878"}],"curies":[{"name":"wp","href":"https:\/\/api.w.org\/{rel}","templated":true}]}}