{"id":2748,"date":"2016-04-22T23:41:03","date_gmt":"2016-04-22T21:41:03","guid":{"rendered":"http:\/\/www.skyrunning-serbia.com\/?page_id=2748"},"modified":"2018-11-13T21:00:05","modified_gmt":"2018-11-13T20:00:05","slug":"osiguranje-trkaca","status":"publish","type":"page","link":"https:\/\/www.skyrunning-serbia.com\/en\/osiguranje-trkaca\/","title":{"rendered":"Osiguranje trka\u010da"},"content":{"rendered":"<p>Za sada najbolje osiguranje u outdoor svetu, koje pokriva hiking, mountain running, cross country ski, snow-shoeing, mountain biking. Mnogo bolje od klasi\u010dnih planinarskih osiguranja iz Slovenije.<\/p>\n<div>\n<p>Svako ko je jednom istr\u010dao neku trku koja nosi UTMB\/ITRA bodove mo\u017ee u\u0107i u proces preko sajta <a href=\"https:\/\/itra.run\/\">https:\/\/itra.run\/<\/a> i svog profila (runner space). Obavezna je uplata \u010dlanarine od par eura pre toga. Nakon toga dobijate tu povla\u0161\u0107enu cenu od 49 eura. Ono \u0161to je najbolje, pokriva ceo svet i to u ozbiljnom iznosu. U pitanju je Francuska firma. Nema nikakvih kartica, papirologije, dobijate mail sa brojem ugovora koji je validan i to je to. Vrlo prakti\u010dno.<\/p>\n<p>Za vi\u0161e detalja pogledajte fajlove u prilogu. Na vama je da odlu\u010dite i proverite sve, neki na\u0161i trka\u010di su ve\u0107 uzeli isto i ba\u0161 su zadovoljni.<\/p>\n<p><a href=\"http:\/\/www.skyrunning-serbia.com\/en\/baneri\/opis%20osiguranje%20i%20detalji.pdf\/\"><strong>Opis i detalji osiguranja<\/strong><\/a><\/p>\n<\/div>","protected":false},"excerpt":{"rendered":"<p>Za sada najbolje osiguranje u outdoor svetu, koje pokriva hiking, mountain running, cross country ski, snow-shoeing, mountain biking. Mnogo bolje<span class=\"excerpt-hellip\"> [\u2026]<\/span><\/p>\n","protected":false},"author":1,"featured_media":0,"parent":0,"menu_order":0,"comment_status":"closed","ping_status":"closed","template":"","meta":{"ngg_post_thumbnail":0,"footnotes":"","_links_to":"","_links_to_target":""},"class_list":["post-2748","page","type-page","status-publish","hentry"],"yoast_head":"<!-- This site is optimized with the Yoast SEO plugin v27.6 - https:\/\/yoast.com\/product\/yoast-seo-wordpress\/ -->\n<title>Osiguranje trka\u010da - Skyrunning Serbia &amp; Montenegro<\/title>\n<meta name=\"robots\" content=\"index, follow, max-snippet:-1, max-image-preview:large, max-video-preview:-1\" \/>\n<link rel=\"canonical\" href=\"https:\/\/www.skyrunning-serbia.com\/en\/osiguranje-trkaca\/\" \/>\n<meta property=\"og:locale\" content=\"en_US\" \/>\n<meta property=\"og:type\" content=\"article\" \/>\n<meta property=\"og:title\" content=\"Osiguranje trka\u010da - Skyrunning Serbia &amp; Montenegro\" \/>\n<meta property=\"og:description\" content=\"Za sada najbolje osiguranje u outdoor svetu, koje pokriva hiking, mountain running, cross country ski, snow-shoeing, mountain biking. Mnogo bolje [\u2026]\" \/>\n<meta property=\"og:url\" content=\"https:\/\/www.skyrunning-serbia.com\/en\/osiguranje-trkaca\/\" \/>\n<meta property=\"og:site_name\" content=\"Skyrunning Serbia &amp; Montenegro\" \/>\n<meta property=\"article:modified_time\" content=\"2018-11-13T20:00:05+00:00\" \/>\n<meta name=\"twitter:label1\" content=\"Est. reading time\" \/>\n\t<meta name=\"twitter:data1\" content=\"1 minute\" \/>\n<script type=\"application\/ld+json\" class=\"yoast-schema-graph\">{\"@context\":\"https:\\\/\\\/schema.org\",\"@graph\":[{\"@type\":\"WebPage\",\"@id\":\"https:\\\/\\\/www.skyrunning-serbia.com\\\/osiguranje-trkaca\\\/\",\"url\":\"https:\\\/\\\/www.skyrunning-serbia.com\\\/osiguranje-trkaca\\\/\",\"name\":\"Osiguranje trka\u010da - Skyrunning Serbia &amp; Montenegro\",\"isPartOf\":{\"@id\":\"https:\\\/\\\/www.skyrunning-serbia.com\\\/#website\"},\"datePublished\":\"2016-04-22T21:41:03+00:00\",\"dateModified\":\"2018-11-13T20:00:05+00:00\",\"breadcrumb\":{\"@id\":\"https:\\\/\\\/www.skyrunning-serbia.com\\\/osiguranje-trkaca\\\/#breadcrumb\"},\"inLanguage\":\"en-US\",\"potentialAction\":[{\"@type\":\"ReadAction\",\"target\":[\"https:\\\/\\\/www.skyrunning-serbia.com\\\/osiguranje-trkaca\\\/\"]}]},{\"@type\":\"BreadcrumbList\",\"@id\":\"https:\\\/\\\/www.skyrunning-serbia.com\\\/osiguranje-trkaca\\\/#breadcrumb\",\"itemListElement\":[{\"@type\":\"ListItem\",\"position\":1,\"name\":\"Home\",\"item\":\"https:\\\/\\\/www.skyrunning-serbia.com\\\/\"},{\"@type\":\"ListItem\",\"position\":2,\"name\":\"Osiguranje trka\u010da\"}]},{\"@type\":\"WebSite\",\"@id\":\"https:\\\/\\\/www.skyrunning-serbia.com\\\/#website\",\"url\":\"https:\\\/\\\/www.skyrunning-serbia.com\\\/\",\"name\":\"Skyrunning Serbia &amp; Montenegro\",\"description\":\"Nebesko Tr\u010danje - Srbija\",\"potentialAction\":[{\"@type\":\"SearchAction\",\"target\":{\"@type\":\"EntryPoint\",\"urlTemplate\":\"https:\\\/\\\/www.skyrunning-serbia.com\\\/?s={search_term_string}\"},\"query-input\":{\"@type\":\"PropertyValueSpecification\",\"valueRequired\":true,\"valueName\":\"search_term_string\"}}],\"inLanguage\":\"en-US\"}]}<\/script>\n<!-- \/ Yoast SEO plugin. -->","yoast_head_json":{"title":"Osiguranje trka\u010da - Skyrunning Serbia &amp; Montenegro","robots":{"index":"index","follow":"follow","max-snippet":"max-snippet:-1","max-image-preview":"max-image-preview:large","max-video-preview":"max-video-preview:-1"},"canonical":"https:\/\/www.skyrunning-serbia.com\/en\/osiguranje-trkaca\/","og_locale":"en_US","og_type":"article","og_title":"Osiguranje trka\u010da - Skyrunning Serbia &amp; Montenegro","og_description":"Za sada najbolje osiguranje u outdoor svetu, koje pokriva hiking, mountain running, cross country ski, snow-shoeing, mountain biking. Mnogo bolje [\u2026]","og_url":"https:\/\/www.skyrunning-serbia.com\/en\/osiguranje-trkaca\/","og_site_name":"Skyrunning Serbia &amp; Montenegro","article_modified_time":"2018-11-13T20:00:05+00:00","twitter_misc":{"Est. reading time":"1 minute"},"schema":{"@context":"https:\/\/schema.org","@graph":[{"@type":"WebPage","@id":"https:\/\/www.skyrunning-serbia.com\/osiguranje-trkaca\/","url":"https:\/\/www.skyrunning-serbia.com\/osiguranje-trkaca\/","name":"Osiguranje trka\u010da - Skyrunning Serbia &amp; Montenegro","isPartOf":{"@id":"https:\/\/www.skyrunning-serbia.com\/#website"},"datePublished":"2016-04-22T21:41:03+00:00","dateModified":"2018-11-13T20:00:05+00:00","breadcrumb":{"@id":"https:\/\/www.skyrunning-serbia.com\/osiguranje-trkaca\/#breadcrumb"},"inLanguage":"en-US","potentialAction":[{"@type":"ReadAction","target":["https:\/\/www.skyrunning-serbia.com\/osiguranje-trkaca\/"]}]},{"@type":"BreadcrumbList","@id":"https:\/\/www.skyrunning-serbia.com\/osiguranje-trkaca\/#breadcrumb","itemListElement":[{"@type":"ListItem","position":1,"name":"Home","item":"https:\/\/www.skyrunning-serbia.com\/"},{"@type":"ListItem","position":2,"name":"Osiguranje trka\u010da"}]},{"@type":"WebSite","@id":"https:\/\/www.skyrunning-serbia.com\/#website","url":"https:\/\/www.skyrunning-serbia.com\/","name":"Skyrunning Serbia &amp; Montenegro","description":"Nebesko Tr\u010danje - Srbija","potentialAction":[{"@type":"SearchAction","target":{"@type":"EntryPoint","urlTemplate":"https:\/\/www.skyrunning-serbia.com\/?s={search_term_string}"},"query-input":{"@type":"PropertyValueSpecification","valueRequired":true,"valueName":"search_term_string"}}],"inLanguage":"en-US"}]}},"_links":{"self":[{"href":"https:\/\/www.skyrunning-serbia.com\/en\/wp-json\/wp\/v2\/pages\/2748","targetHints":{"allow":["GET"]}}],"collection":[{"href":"https:\/\/www.skyrunning-serbia.com\/en\/wp-json\/wp\/v2\/pages"}],"about":[{"href":"https:\/\/www.skyrunning-serbia.com\/en\/wp-json\/wp\/v2\/types\/page"}],"author":[{"embeddable":true,"href":"https:\/\/www.skyrunning-serbia.com\/en\/wp-json\/wp\/v2\/users\/1"}],"replies":[{"embeddable":true,"href":"https:\/\/www.skyrunning-serbia.com\/en\/wp-json\/wp\/v2\/comments?post=2748"}],"version-history":[{"count":9,"href":"https:\/\/www.skyrunning-serbia.com\/en\/wp-json\/wp\/v2\/pages\/2748\/revisions"}],"predecessor-version":[{"id":3514,"href":"https:\/\/www.skyrunning-serbia.com\/en\/wp-json\/wp\/v2\/pages\/2748\/revisions\/3514"}],"wp:attachment":[{"href":"https:\/\/www.skyrunning-serbia.com\/en\/wp-json\/wp\/v2\/media?parent=2748"}],"curies":[{"name":"wp","href":"https:\/\/api.w.org\/{rel}","templated":true}]}}