{"id":2,"date":"2015-12-10T09:17:47","date_gmt":"2015-12-10T08:17:47","guid":{"rendered":"http:\/\/themes.muffingroup.com\/be\/journey\/?page_id=2"},"modified":"2024-05-06T16:25:49","modified_gmt":"2024-05-06T16:25:49","slug":"sample-page","status":"publish","type":"page","link":"https:\/\/www.skyrunning-serbia.com\/en\/","title":{"rendered":"Home"},"content":{"rendered":"","protected":false},"excerpt":{"rendered":"","protected":false},"author":1,"featured_media":0,"parent":0,"menu_order":0,"comment_status":"closed","ping_status":"closed","template":"","meta":{"ngg_post_thumbnail":0,"footnotes":"","_links_to":"","_links_to_target":""},"class_list":["post-2","page","type-page","status-publish","hentry"],"yoast_head":"<!-- This site is optimized with the Yoast SEO plugin v27.4 - https:\/\/yoast.com\/product\/yoast-seo-wordpress\/ -->\n<title>Skyrunning Serbia &amp; Montenegro - Ne da osvojite, ve\u0107 da budete osvojeni<\/title>\n<meta name=\"description\" content=\"Skyrunning je sportska disciplina koja je na na\u0161im prostorima u poslednjih nekoliko godina do\u017eivela izuzetan rast...\" \/>\n<meta name=\"robots\" content=\"index, follow, max-snippet:-1, max-image-preview:large, max-video-preview:-1\" \/>\n<link rel=\"canonical\" href=\"https:\/\/www.skyrunning-serbia.com\/en\/\" \/>\n<meta property=\"og:locale\" content=\"en_US\" \/>\n<meta property=\"og:type\" content=\"article\" \/>\n<meta property=\"og:title\" content=\"Skyrunning Serbia &amp; Montenegro - Ne da osvojite, ve\u0107 da budete osvojeni\" \/>\n<meta property=\"og:description\" content=\"Skyrunning je sportska disciplina koja je na na\u0161im prostorima u poslednjih nekoliko godina do\u017eivela izuzetan rast...\" \/>\n<meta property=\"og:url\" content=\"https:\/\/www.skyrunning-serbia.com\/en\/\" \/>\n<meta property=\"og:site_name\" content=\"Skyrunning Serbia &amp; Montenegro\" \/>\n<meta property=\"article:modified_time\" content=\"2024-05-06T16:25:49+00:00\" \/>\n<meta property=\"og:image\" content=\"https:\/\/www.skyrunning-serbia.com\/wp-content\/uploads\/2021\/12\/home_skyrunning.jpg\" \/>\n\t<meta property=\"og:image:width\" content=\"1920\" \/>\n\t<meta property=\"og:image:height\" content=\"1084\" \/>\n\t<meta property=\"og:image:type\" content=\"image\/jpeg\" \/>\n<script type=\"application\/ld+json\" class=\"yoast-schema-graph\">{\"@context\":\"https:\\\/\\\/schema.org\",\"@graph\":[{\"@type\":\"WebPage\",\"@id\":\"https:\\\/\\\/www.skyrunning-serbia.com\\\/\",\"url\":\"https:\\\/\\\/www.skyrunning-serbia.com\\\/\",\"name\":\"Skyrunning Serbia & Montenegro - Ne da osvojite, ve\u0107 da budete osvojeni\",\"isPartOf\":{\"@id\":\"https:\\\/\\\/www.skyrunning-serbia.com\\\/#website\"},\"datePublished\":\"2015-12-10T08:17:47+00:00\",\"dateModified\":\"2024-05-06T16:25:49+00:00\",\"description\":\"Skyrunning je sportska disciplina koja je na na\u0161im prostorima u poslednjih nekoliko godina do\u017eivela izuzetan rast...\",\"breadcrumb\":{\"@id\":\"https:\\\/\\\/www.skyrunning-serbia.com\\\/#breadcrumb\"},\"inLanguage\":\"en-US\",\"potentialAction\":[{\"@type\":\"ReadAction\",\"target\":[\"https:\\\/\\\/www.skyrunning-serbia.com\\\/\"]}]},{\"@type\":\"BreadcrumbList\",\"@id\":\"https:\\\/\\\/www.skyrunning-serbia.com\\\/#breadcrumb\",\"itemListElement\":[{\"@type\":\"ListItem\",\"position\":1,\"name\":\"Home\",\"item\":\"https:\\\/\\\/www.skyrunning-serbia.com\\\/\"},{\"@type\":\"ListItem\",\"position\":2,\"name\":\"Po\u010detna\"}]},{\"@type\":\"WebSite\",\"@id\":\"https:\\\/\\\/www.skyrunning-serbia.com\\\/#website\",\"url\":\"https:\\\/\\\/www.skyrunning-serbia.com\\\/\",\"name\":\"Skyrunning Serbia &amp; Montenegro\",\"description\":\"Nebesko Tr\u010danje - Srbija\",\"potentialAction\":[{\"@type\":\"SearchAction\",\"target\":{\"@type\":\"EntryPoint\",\"urlTemplate\":\"https:\\\/\\\/www.skyrunning-serbia.com\\\/?s={search_term_string}\"},\"query-input\":{\"@type\":\"PropertyValueSpecification\",\"valueRequired\":true,\"valueName\":\"search_term_string\"}}],\"inLanguage\":\"en-US\"}]}<\/script>\n<!-- \/ Yoast SEO plugin. -->","yoast_head_json":{"title":"Skyrunning Serbia & Montenegro - Ne da osvojite, ve\u0107 da budete osvojeni","description":"Skyrunning je sportska disciplina koja je na na\u0161im prostorima u poslednjih nekoliko godina do\u017eivela izuzetan rast...","robots":{"index":"index","follow":"follow","max-snippet":"max-snippet:-1","max-image-preview":"max-image-preview:large","max-video-preview":"max-video-preview:-1"},"canonical":"https:\/\/www.skyrunning-serbia.com\/en\/","og_locale":"en_US","og_type":"article","og_title":"Skyrunning Serbia & Montenegro - Ne da osvojite, ve\u0107 da budete osvojeni","og_description":"Skyrunning je sportska disciplina koja je na na\u0161im prostorima u poslednjih nekoliko godina do\u017eivela izuzetan rast...","og_url":"https:\/\/www.skyrunning-serbia.com\/en\/","og_site_name":"Skyrunning Serbia &amp; Montenegro","article_modified_time":"2024-05-06T16:25:49+00:00","og_image":[{"width":1920,"height":1084,"url":"https:\/\/www.skyrunning-serbia.com\/wp-content\/uploads\/2021\/12\/home_skyrunning.jpg","type":"image\/jpeg"}],"schema":{"@context":"https:\/\/schema.org","@graph":[{"@type":"WebPage","@id":"https:\/\/www.skyrunning-serbia.com\/","url":"https:\/\/www.skyrunning-serbia.com\/","name":"Skyrunning Serbia & Montenegro - Ne da osvojite, ve\u0107 da budete osvojeni","isPartOf":{"@id":"https:\/\/www.skyrunning-serbia.com\/#website"},"datePublished":"2015-12-10T08:17:47+00:00","dateModified":"2024-05-06T16:25:49+00:00","description":"Skyrunning je sportska disciplina koja je na na\u0161im prostorima u poslednjih nekoliko godina do\u017eivela izuzetan rast...","breadcrumb":{"@id":"https:\/\/www.skyrunning-serbia.com\/#breadcrumb"},"inLanguage":"en-US","potentialAction":[{"@type":"ReadAction","target":["https:\/\/www.skyrunning-serbia.com\/"]}]},{"@type":"BreadcrumbList","@id":"https:\/\/www.skyrunning-serbia.com\/#breadcrumb","itemListElement":[{"@type":"ListItem","position":1,"name":"Home","item":"https:\/\/www.skyrunning-serbia.com\/"},{"@type":"ListItem","position":2,"name":"Po\u010detna"}]},{"@type":"WebSite","@id":"https:\/\/www.skyrunning-serbia.com\/#website","url":"https:\/\/www.skyrunning-serbia.com\/","name":"Skyrunning Serbia &amp; Montenegro","description":"Nebesko Tr\u010danje - Srbija","potentialAction":[{"@type":"SearchAction","target":{"@type":"EntryPoint","urlTemplate":"https:\/\/www.skyrunning-serbia.com\/?s={search_term_string}"},"query-input":{"@type":"PropertyValueSpecification","valueRequired":true,"valueName":"search_term_string"}}],"inLanguage":"en-US"}]}},"_links":{"self":[{"href":"https:\/\/www.skyrunning-serbia.com\/en\/wp-json\/wp\/v2\/pages\/2","targetHints":{"allow":["GET"]}}],"collection":[{"href":"https:\/\/www.skyrunning-serbia.com\/en\/wp-json\/wp\/v2\/pages"}],"about":[{"href":"https:\/\/www.skyrunning-serbia.com\/en\/wp-json\/wp\/v2\/types\/page"}],"author":[{"embeddable":true,"href":"https:\/\/www.skyrunning-serbia.com\/en\/wp-json\/wp\/v2\/users\/1"}],"replies":[{"embeddable":true,"href":"https:\/\/www.skyrunning-serbia.com\/en\/wp-json\/wp\/v2\/comments?post=2"}],"version-history":[{"count":3,"href":"https:\/\/www.skyrunning-serbia.com\/en\/wp-json\/wp\/v2\/pages\/2\/revisions"}],"predecessor-version":[{"id":4540,"href":"https:\/\/www.skyrunning-serbia.com\/en\/wp-json\/wp\/v2\/pages\/2\/revisions\/4540"}],"wp:attachment":[{"href":"https:\/\/www.skyrunning-serbia.com\/en\/wp-json\/wp\/v2\/media?parent=2"}],"curies":[{"name":"wp","href":"https:\/\/api.w.org\/{rel}","templated":true}]}}